{"id":948,"date":"2018-03-13T21:46:03","date_gmt":"2018-03-13T20:46:03","guid":{"rendered":"http:\/\/www.templatestore-kunden.ch\/mtsys\/?page_id=948"},"modified":"2018-05-08T09:05:16","modified_gmt":"2018-05-08T07:05:16","slug":"prosciugamento","status":"publish","type":"page","link":"https:\/\/www.mtsys.ch\/it\/prodotti-funzione\/prosciugamento\/","title":{"rendered":"Prosciugamento"},"content":{"rendered":"<div id=\"pl-948\"  class=\"panel-layout\" ><div id=\"pg-948-0\"  class=\"panel-grid panel-no-style\" ><div id=\"pgc-948-0-0\"  class=\"panel-grid-cell\" ><div id=\"panel-948-0-0-0\" class=\"so-panel widget widget_sow-editor panel-first-child\" data-index=\"0\" ><div class=\"intro panel-widget-style panel-widget-style-for-948-0-0-0\" ><div\n\t\t\t\n\t\t\tclass=\"so-widget-sow-editor so-widget-sow-editor-base\"\n\t\t\t\n\t\t><h3 class=\"widget-title\">Muri durevolmente asciutti in breve tempo<\/h3>\n<div class=\"siteorigin-widget-tinymce textwidget\">\n\t<\/div>\n<\/div><\/div><\/div><div id=\"panel-948-0-0-1\" class=\"so-panel widget widget_sow-editor panel-last-child\" data-index=\"1\" ><div class=\"intro panel-widget-style panel-widget-style-for-948-0-0-1\" ><div\n\t\t\t\n\t\t\tclass=\"so-widget-sow-editor so-widget-sow-editor-base\"\n\t\t\t\n\t\t>\n<div class=\"siteorigin-widget-tinymce textwidget\">\n\t<p>Prosciugamento dei muri MTS. Semplice e affidabile.<\/p>\n<\/div>\n<\/div><\/div><\/div><\/div><\/div><div id=\"pg-948-1\"  class=\"panel-grid panel-no-style\" ><div id=\"pgc-948-1-0\"  class=\"panel-grid-cell\" ><div id=\"panel-948-1-0-0\" class=\"so-panel widget widget_media_image panel-first-child panel-last-child\" data-index=\"2\" ><div class=\"full rounded panel-widget-style panel-widget-style-for-948-1-0-0\" ><img loading=\"lazy\" decoding=\"async\" width=\"1698\" height=\"1131\" src=\"https:\/\/www.mtsys.ch\/wp-content\/uploads\/2018\/04\/trocknungsbereich.jpg\" class=\"image wp-image-1615  attachment-full size-full\" alt=\"Prosciugamento\" style=\"max-width: 100%; height: auto;\" srcset=\"https:\/\/www.mtsys.ch\/wp-content\/uploads\/2018\/04\/trocknungsbereich.jpg 1698w, https:\/\/www.mtsys.ch\/wp-content\/uploads\/2018\/04\/trocknungsbereich-300x200.jpg 300w, https:\/\/www.mtsys.ch\/wp-content\/uploads\/2018\/04\/trocknungsbereich-768x512.jpg 768w, https:\/\/www.mtsys.ch\/wp-content\/uploads\/2018\/04\/trocknungsbereich-1024x682.jpg 1024w, https:\/\/www.mtsys.ch\/wp-content\/uploads\/2018\/04\/trocknungsbereich-1200x799.jpg 1200w, https:\/\/www.mtsys.ch\/wp-content\/uploads\/2018\/04\/trocknungsbereich-272x182.jpg 272w\" sizes=\"auto, (max-width: 709px) 85vw, (max-width: 909px) 67vw, (max-width: 1362px) 62vw, 840px\" \/><\/div><\/div><\/div><div id=\"pgc-948-1-1\"  class=\"panel-grid-cell\" ><div id=\"panel-948-1-1-0\" class=\"so-panel widget widget_sow-editor panel-first-child panel-last-child\" data-index=\"3\" ><div\n\t\t\t\n\t\t\tclass=\"so-widget-sow-editor so-widget-sow-editor-base\"\n\t\t\t\n\t\t>\n<div class=\"siteorigin-widget-tinymce textwidget\">\n\t<p>&nbsp;<\/p>\n<p>Il prosciugamento dei muri dura tanto, quanto impiega l\u2019acqua a salire nei capillari.<\/p>\n<p>Il prosciugamento varia in base alle caratteristiche dell\u2019immobile e del muro.<\/p>\n<p>Il calcestruzzo asciuga pi\u00f9 rapidamente dell\u2019arenaria.<\/p>\n<\/div>\n<\/div><\/div><\/div><\/div><div id=\"pg-948-2\"  class=\"panel-grid panel-no-style\" ><div id=\"pgc-948-2-0\"  class=\"panel-grid-cell\" ><div id=\"panel-948-2-0-0\" class=\"so-panel widget widget_sow-editor panel-first-child panel-last-child\" data-index=\"4\" ><div class=\"heading-blue no-margin panel-widget-style panel-widget-style-for-948-2-0-0\" ><div\n\t\t\t\n\t\t\tclass=\"so-widget-sow-editor so-widget-sow-editor-base\"\n\t\t\t\n\t\t><h3 class=\"widget-title\">Le tre tappe del processo di prosciugamento<\/h3>\n<div class=\"siteorigin-widget-tinymce textwidget\">\n\t\n<div class=\"textwidget\"><\/div>\n<\/div>\n<\/div><\/div><\/div><\/div><\/div><div id=\"pg-948-3\"  class=\"panel-grid panel-has-style\" ><div class=\"verlauf panel-row-style panel-row-style-for-948-3\" ><div id=\"pgc-948-3-0\"  class=\"panel-grid-cell\" ><div id=\"panel-948-3-0-0\" class=\"so-panel widget widget_sow-editor panel-first-child panel-last-child\" data-index=\"5\" ><div class=\"panel-widget-style panel-widget-style-for-948-3-0-0\" ><div\n\t\t\t\n\t\t\tclass=\"so-widget-sow-editor so-widget-sow-editor-base\"\n\t\t\t\n\t\t><h3 class=\"widget-title\">1. Inizio<\/h3>\n<div class=\"siteorigin-widget-tinymce textwidget\">\n\t<p>Non appena il sistema per l\u2019asciugatura dei muri MTS \u00e8 messo in funzione, si avvia il processo di prosciugamento. Il nostro esperto eseguir\u00e0 una misurazione dell\u2019umidit\u00e0 documentata<\/p>\n<\/div>\n<\/div><\/div><\/div><\/div><div id=\"pgc-948-3-1\"  class=\"panel-grid-cell\" ><div id=\"panel-948-3-1-0\" class=\"so-panel widget widget_sow-editor panel-first-child panel-last-child\" data-index=\"6\" ><div class=\"panel-widget-style panel-widget-style-for-948-3-1-0\" ><div\n\t\t\t\n\t\t\tclass=\"so-widget-sow-editor so-widget-sow-editor-base\"\n\t\t\t\n\t\t><h3 class=\"widget-title\">2. Fase di riduzione<\/h3>\n<div class=\"siteorigin-widget-tinymce textwidget\">\n\t<p>L\u2019umidit\u00e0 muraria si \u00e8 gi\u00e0 visibilmente ridotta. Grazie ad una successiva misurazione dell\u2019umidit\u00e0 \u00e8 rilevato il grado di riduzione dell\u2019umidit\u00e0. Di regola adesso \u00e8 possibile iniziare con il risanamento. <\/p>\n<\/div>\n<\/div><\/div><\/div><\/div><div id=\"pgc-948-3-2\"  class=\"panel-grid-cell\" ><div id=\"panel-948-3-2-0\" class=\"so-panel widget widget_sow-editor panel-first-child panel-last-child\" data-index=\"7\" ><div class=\"panel-widget-style panel-widget-style-for-948-3-2-0\" ><div\n\t\t\t\n\t\t\tclass=\"so-widget-sow-editor so-widget-sow-editor-base\"\n\t\t\t\n\t\t><h3 class=\"widget-title\">3. Fase conclusiva<\/h3>\n<div class=\"siteorigin-widget-tinymce textwidget\">\n\t<p>L\u2019umidit\u00e0 muraria si \u00e8 fortemente ridotta ad una naturale misura residua. Il prosciugamento \u00e8 concluso con successo e in maniera duratura a condizione che il sistema MTS sia stato sempre in funzione.<\/p>\n<\/div>\n<\/div><\/div><\/div><\/div><\/div><\/div><\/div>","protected":false},"excerpt":{"rendered":"<p>Prosciugamento dei muri MTS. Semplice e affidabile. &nbsp; Il prosciugamento dei muri dura tanto, quanto impiega l\u2019acqua a salire nei capillari. Il prosciugamento varia in base alle caratteristiche dell\u2019immobile e del muro. Il calcestruzzo asciuga pi\u00f9 rapidamente dell\u2019arenaria.<\/p>\n","protected":false},"author":1,"featured_media":56,"parent":926,"menu_order":5,"comment_status":"closed","ping_status":"closed","template":"","meta":{"_acf_changed":false,"footnotes":""},"class_list":["post-948","page","type-page","status-publish","has-post-thumbnail","hentry"],"acf":[],"aioseo_notices":[],"_links":{"self":[{"href":"https:\/\/www.mtsys.ch\/it\/wp-json\/wp\/v2\/pages\/948","targetHints":{"allow":["GET"]}}],"collection":[{"href":"https:\/\/www.mtsys.ch\/it\/wp-json\/wp\/v2\/pages"}],"about":[{"href":"https:\/\/www.mtsys.ch\/it\/wp-json\/wp\/v2\/types\/page"}],"author":[{"embeddable":true,"href":"https:\/\/www.mtsys.ch\/it\/wp-json\/wp\/v2\/users\/1"}],"replies":[{"embeddable":true,"href":"https:\/\/www.mtsys.ch\/it\/wp-json\/wp\/v2\/comments?post=948"}],"version-history":[{"count":18,"href":"https:\/\/www.mtsys.ch\/it\/wp-json\/wp\/v2\/pages\/948\/revisions"}],"predecessor-version":[{"id":2166,"href":"https:\/\/www.mtsys.ch\/it\/wp-json\/wp\/v2\/pages\/948\/revisions\/2166"}],"up":[{"embeddable":true,"href":"https:\/\/www.mtsys.ch\/it\/wp-json\/wp\/v2\/pages\/926"}],"wp:featuredmedia":[{"embeddable":true,"href":"https:\/\/www.mtsys.ch\/it\/wp-json\/wp\/v2\/media\/56"}],"wp:attachment":[{"href":"https:\/\/www.mtsys.ch\/it\/wp-json\/wp\/v2\/media?parent=948"}],"curies":[{"name":"wp","href":"https:\/\/api.w.org\/{rel}","templated":true}]}}