{"id":931,"date":"2018-03-13T21:33:14","date_gmt":"2018-03-13T20:33:14","guid":{"rendered":"http:\/\/www.templatestore-kunden.ch\/mtsys\/?page_id=931"},"modified":"2018-05-08T08:49:17","modified_gmt":"2018-05-08T06:49:17","slug":"principio-di-funzionamento","status":"publish","type":"page","link":"https:\/\/www.mtsys.ch\/it\/prodotti-funzione\/principio-di-funzionamento\/","title":{"rendered":"Principio di funzionamento"},"content":{"rendered":"<div id=\"pl-931\"  class=\"panel-layout\" ><div id=\"pg-931-0\"  class=\"panel-grid panel-no-style\" ><div id=\"pgc-931-0-0\"  class=\"panel-grid-cell\" ><div id=\"panel-931-0-0-0\" class=\"so-panel widget widget_sow-editor panel-first-child\" data-index=\"0\" ><div class=\"intro panel-widget-style panel-widget-style-for-931-0-0-0\" ><div\n\t\t\t\n\t\t\tclass=\"so-widget-sow-editor so-widget-sow-editor-base\"\n\t\t\t\n\t\t><h3 class=\"widget-title\">Muri esterni ed interni, cantine e scale asciutti in maniera duratura<\/h3>\n<div class=\"siteorigin-widget-tinymce textwidget\">\n\t<\/div>\n<\/div><\/div><\/div><div id=\"panel-931-0-0-1\" class=\"so-panel widget widget_sow-editor panel-last-child\" data-index=\"1\" ><div class=\"intro panel-widget-style panel-widget-style-for-931-0-0-1\" ><div\n\t\t\t\n\t\t\tclass=\"so-widget-sow-editor so-widget-sow-editor-base\"\n\t\t\t\n\t\t>\n<div class=\"siteorigin-widget-tinymce textwidget\">\n\t<p>MTS impedisce in maniera duratura e sostenibile la risalita dell\u2019umidit\u00e0 capillare.<\/p>\n<\/div>\n<\/div><\/div><\/div><\/div><\/div><div id=\"pg-931-1\"  class=\"panel-grid panel-no-style\" ><div id=\"pgc-931-1-0\"  class=\"panel-grid-cell\" ><div id=\"panel-931-1-0-0\" class=\"widget_text so-panel widget widget_custom_html panel-first-child panel-last-child\" data-index=\"2\" ><div class=\"widget_text full panel-widget-style panel-widget-style-for-931-1-0-0\" ><div class=\"textwidget custom-html-widget\"><div class=\"container\">\n<img decoding=\"async\" class=\"image\" src=\"https:\/\/www.mtsys.ch\/wp-content\/uploads\/2018\/04\/ohne-mts-system.jpg\" alt=\"Senza sistema MTS\">\n<div class=\"overlay\">\n<div class=\"text-wrapper\">\n<div class=\"title\">Senza MTS<\/div>\n<div class=\"text\">L\u2019umidit\u00e0 dal terreno viene trasportata attraverso i capillari del materiale costruttivo verso l\u2019alto causando danni di umidit\u00e0 all\u2019immobile.<\/div>\n<\/div>\n<\/div>\n<\/div><\/div><\/div><\/div><\/div><div id=\"pgc-931-1-1\"  class=\"panel-grid-cell\" ><div id=\"panel-931-1-1-0\" class=\"widget_text so-panel widget widget_custom_html panel-first-child panel-last-child\" data-index=\"3\" ><div class=\"widget_text full panel-widget-style panel-widget-style-for-931-1-1-0\" ><div class=\"textwidget custom-html-widget\"><div class=\"container\">\n<img decoding=\"async\" class=\"image\" src=\"https:\/\/www.mtsys.ch\/wp-content\/uploads\/2018\/04\/mit-mts-system.jpg\" alt=\"Con sistema MTS\">\n<div class=\"overlay\">\n<div class=\"text-wrapper\">\n<div class=\"title\">Con MTS<\/div>\n<div class=\"text\">MTS viene installato al centro dell\u2019immobile e inizia immediatamente a funzionare. La funzione MTS, non essendo limitata ad un solo locale, raggiunge ogni angolo dell\u2019edificio. Ogni zona problematica, ovvero interessata da umidit\u00e0 capillare, viene prosciugata.<\/div>\n<\/div>\n<\/div>\n<\/div><\/div><\/div><\/div><\/div><\/div><div id=\"pg-931-2\"  class=\"panel-grid panel-has-style\" ><div class=\"rounded panel-row-style panel-row-style-for-931-2\" ><div id=\"pgc-931-2-0\"  class=\"panel-grid-cell\" ><div id=\"panel-931-2-0-0\" class=\"so-panel widget widget_sow-editor panel-first-child panel-last-child\" data-index=\"4\" ><div class=\"rounded panel-widget-style panel-widget-style-for-931-2-0-0\" ><div\n\t\t\t\n\t\t\tclass=\"so-widget-sow-editor so-widget-sow-editor-base\"\n\t\t\t\n\t\t><h3 class=\"widget-title\">Funzione MTS secondo un principio della natura<\/h3>\n<div class=\"siteorigin-widget-tinymce textwidget\">\n\t<div class=\"textwidget\">\n<p>La tecnologia MTS funziona secondo il principio elettromagnetico dell\u2019inversione del campo. Quest\u2019ultimo si basa su una legge della natura, secondo la quale due poli uguali si respingono. Attraverso l\u2019ascesa capillare nel muro della molecola d\u2019acqua e l\u2019elettricit\u00e0 di sfregamento, viene a crearsi nel muro un campo elettrico negativo.<\/p>\n<p>l sistema MTS \u00e8 dotato della pi\u00f9 moderna tecnologia elettronica: nella banda delle onde lunghe trasmette deboli impulsi di bassa frequenza inferiore ad un millesimo (1\/1000 ) di Watt. Questo causa l\u2019inversione elettromagnetica del campo e la neutralizzazione delle molecole murali, portando al prosciugamento dell\u2019opera muraria.<\/p>\n<p>L'umidit\u00e0 viene guidata nuovamente nel terreno sfruttando la forza di gravit\u00e0 e si ottiene cos\u00ec l'asciugatura del muro umido.<\/p>\n<p>Tutti i sistemi MTS sono assolutamente silenziosi, non necessitano di manutenzione e consumano poca elettricit\u00e0.<\/p>\n<\/div>\n<\/div>\n<\/div><\/div><\/div><\/div><\/div><\/div><\/div>","protected":false},"excerpt":{"rendered":"<p>MTS impedisce in maniera duratura e sostenibile la risalita dell\u2019umidit\u00e0 capillare.<\/p>\n","protected":false},"author":1,"featured_media":2292,"parent":926,"menu_order":1,"comment_status":"closed","ping_status":"closed","template":"","meta":{"_acf_changed":false,"footnotes":""},"class_list":["post-931","page","type-page","status-publish","has-post-thumbnail","hentry"],"acf":[],"aioseo_notices":[],"_links":{"self":[{"href":"https:\/\/www.mtsys.ch\/it\/wp-json\/wp\/v2\/pages\/931","targetHints":{"allow":["GET"]}}],"collection":[{"href":"https:\/\/www.mtsys.ch\/it\/wp-json\/wp\/v2\/pages"}],"about":[{"href":"https:\/\/www.mtsys.ch\/it\/wp-json\/wp\/v2\/types\/page"}],"author":[{"embeddable":true,"href":"https:\/\/www.mtsys.ch\/it\/wp-json\/wp\/v2\/users\/1"}],"replies":[{"embeddable":true,"href":"https:\/\/www.mtsys.ch\/it\/wp-json\/wp\/v2\/comments?post=931"}],"version-history":[{"count":19,"href":"https:\/\/www.mtsys.ch\/it\/wp-json\/wp\/v2\/pages\/931\/revisions"}],"predecessor-version":[{"id":2132,"href":"https:\/\/www.mtsys.ch\/it\/wp-json\/wp\/v2\/pages\/931\/revisions\/2132"}],"up":[{"embeddable":true,"href":"https:\/\/www.mtsys.ch\/it\/wp-json\/wp\/v2\/pages\/926"}],"wp:featuredmedia":[{"embeddable":true,"href":"https:\/\/www.mtsys.ch\/it\/wp-json\/wp\/v2\/media\/2292"}],"wp:attachment":[{"href":"https:\/\/www.mtsys.ch\/it\/wp-json\/wp\/v2\/media?parent=931"}],"curies":[{"name":"wp","href":"https:\/\/api.w.org\/{rel}","templated":true}]}}