{"id":2263,"date":"2018-05-29T18:09:31","date_gmt":"2018-05-29T16:09:31","guid":{"rendered":"https:\/\/www.mtsys.ch\/?page_id=2263"},"modified":"2018-05-29T21:07:44","modified_gmt":"2018-05-29T19:07:44","slug":"protezione-dei-dati","status":"publish","type":"page","link":"https:\/\/www.mtsys.ch\/it\/protezione-dei-dati\/","title":{"rendered":"Protezione dei dati"},"content":{"rendered":"<h2>1. Protezione dei dati in sintesi<\/h2>\n<h3>Informazioni generali<\/h3>\n<p>Le note che seguono forniscono una semplice panoramica di ci\u00f2 che accade ai Suoi dati personali quando visita il nostro sito web. I dati personali sono tutti i dati che consentono la Sua identificazione personale. Informazioni dettagliate sulla protezione dei dati sono contenute nella nostra dichiarazione sulla protezione dei dati, riportata sotto questo testo.<\/p>\n<h3>Raccolta dati sul nostro sito web<\/h3>\n<p><strong>Chi \u00e8 responsabile della raccolta dei dati su questo sito?<\/strong><\/p>\n<p>Il trattamento dei dati su questo sito \u00e8 curato dal gestore del sito stesso. I suoi dati di contatto sono riportati nelle informazioni legali di questo sito web.<\/p>\n<p><strong>Come raccogliamo le Sue informazioni?<\/strong><\/p>\n<p>Da un lato, i Suoi dati vengono raccolti quando ce li comunica. Questi dati possono essere, ad esempio, quelli che ci fornisce in un modulo di contatto.<\/p>\n<p>Altri dati vengono raccolti automaticamente dai nostri sistemi informatici quando visita il nostro sito web. Si tratta principalmente di dati tecnici (ad es. browser Internet, sistema operativo o orario in cui ha visitato la pagina). Questi dati vengono raccolti automaticamente non appena Lei accede al nostro sito web.<\/p>\n<p><strong>A che scopo utilizziamo i Suoi dati?<\/strong><\/p>\n<p>Una parte dei dati viene raccolta per garantire una corretta fornitura del sito. Altri dati possono essere utilizzati per analizzare il comportamento dell&#8217;utente.<\/p>\n<p><strong>Che diritti ha in relazione ai propri dati?<\/strong><\/p>\n<p>Lei ha il diritto di ricevere informazioni sull&#8217;origine, il destinatario e lo scopo dei dati personali memorizzati, gratuitamente ed in qualsiasi momento. Ha inoltre il diritto di chiedere la rettifica, il blocco o la cancellazione di questi dati. In caso di ulteriori domande in materia di protezione dei dati, pu\u00f2 contattarci in qualsiasi momento all&#8217;indirizzo indicato nelle informazioni legali. Inoltre, Lei ha anche il diritto di presentare ricorso all&#8217;autorit\u00e0 di vigilanza competente.<\/p>\n<h3>Strumenti d&#8217;analisi e strumenti di terze parti<\/h3>\n<p>Quando visita il nostro sito web, il Suo comportamento di navigazione pu\u00f2 essere analizzato statisticamente. Questa analisi viene fatta principalmente attraverso i cookie e i cosiddetti programmi di analisi. L&#8217;analisi del Suo comportamento di navigazione \u00e8 generalmente anonima; il comportamento di navigazione non pu\u00f2 essere fatto risalire a Lei. Lei ha la possibilit\u00e0 di opporsi a questa analisi, o di prevenirla, non utilizzando determinati strumenti. Informazioni dettagliate in merito sono contenute nella seguente dichiarazione sulla protezione dei dati.<\/p>\n<p>\u00c8 possibile opporsi a questa analisi. La informeremo sulle possibilit\u00e0 di opposizione nella presente dichiarazione sulla protezione dei dati.<\/p>\n<h2>2. Indicazioni generali e informazioni obbligatorie<\/h2>\n<h3>Protezione dei dati<\/h3>\n<p>I gestori di queste pagine prendono molto sul serio la protezione dei Suoi dati personali. Trattiamo i Suoi dati personali in modo confidenziale e in conformit\u00e0 con le disposizioni legali e con la presente dichiarazione sulla protezione dei dati.<\/p>\n<p>Quando si utilizza questo sito web, vengono raccolti diversi dati personali. I dati personali sono dati che consentono l&#8217;identificazione personale dell&#8217;utente. La presente dichiarazione sulla protezione dei dati spiega quali dati raccogliamo e per cosa li utilizziamo. Spiega inoltre come e a quale scopo ci\u00f2 viene fatto.<br \/>\nDesideriamo sottolineare che la trasmissione di dati su Internet (ad es. la comunicazione via e-mail) pu\u00f2 presentare lacune in termini di sicurezza. Non \u00e8 possibile una protezione completa dei dati contro l&#8217;accesso da parte di terzi.<\/p>\n<h3>Nota relativa all&#8217;organismo responsabile<\/h3>\n<p>L&#8217;organismo responsabile per l&#8217;elaborazione dei dati su questo sito web \u00e8::<\/p>\n<p>MTSys GmbH<br \/>\nVia Vitg Sura 16<br \/>\nPostfach 106<br \/>\n7017 Flims<br \/>\nSvizzera<\/p>\n<p>Telefono: 081 911 12 88<br \/>\nE-Mail: info@mtsys.ch<\/p>\n<p>L&#8217;organismo responsabile \u00e8 la persona fisica o giuridica che, da sola o insieme ad altri, decide in merito alle finalit\u00e0 e alle modalit\u00e0 del trattamento dei dati personali (ad es. nomi, indirizzi e-mail, ecc.).<\/p>\n<h3>Revoca del consenso al trattamento dei dati<\/h3>\n<p>Molti processi di elaborazione dei dati sono possibili solo con il Suo esplicito consenso. Il consenso pu\u00f2 essere revocato in qualsiasi momento. Tutto quello che deve fare \u00e8 inviarci un&#8217;e-mail informale. La legittimit\u00e0 del trattamento dei dati fino alla revoca rimane impregiudicata.<\/p>\n<h3>Diritto di ricorso presso l&#8217;autorit\u00e0 di vigilanza competente<\/h3>\n<p>In caso di violazione della normativa sulla protezione dei dati, la persona interessata ha il diritto di presentare ricorso all&#8217;autorit\u00e0 di controllo competente. L&#8217;autorit\u00e0 di vigilanza competente in materia di protezione dei dati \u00e8 il responsabile della protezione dei dati del Cantone in cui ha sede la nostra azienda.<\/p>\n<h3>Crittografia SSL o TLS<\/h3>\n<p>Questo sito utilizza la crittografia SSL o TLS per motivi di sicurezza e per proteggere la trasmissione di contenuti riservati, come ordini o richieste che Lei invia a noi in qualit\u00e0 di gestori del sito. Una connessione crittografata si riconosce dal fatto che la riga dell&#8217;indirizzo del browser cambia da &#8220;http:\/\/&#8221; a &#8220;https:\/\/&#8221; e dal simbolo del lucchetto nella riga del browser.<\/p>\n<p>Se la crittografia SSL o TLS \u00e8 attivata, i dati che ci vengono trasmessi non possono essere<\/p>\n<h3>Informazione, blocco, cancellazione<\/h3>\n<p>Lei ha il diritto di ricevere, gratuitamente ed in qualsiasi momento, informazioni sui Suoi dati personali memorizzati, sulla loro origine e sui destinatari, nonch\u00e9 sulle finalit\u00e0 dell&#8217;elaborazione dei dati e, se necessario, il diritto di correggere, bloccare o cancellare tali dati in qualsiasi momento, nell&#8217;ambito delle disposizioni di legge applicabili. In caso di ulteriori domande in materia di dati personali, pu\u00f2 contattarci in qualsiasi momento all&#8217;indirizzo indicato nelle informazioni legali.<\/p>\n<h3>Rifiuto ad e-mail pubblicitarie<\/h3>\n<p>Con la presente ci opponiamo all&#8217;utilizzo dei dati di contatto, pubblicati nell&#8217;ambito dell&#8217;obbligo di pubblicazione delle informazioni legali, per l&#8217;invio di pubblicit\u00e0 e materiale informativo non richiesti. I gestori di queste pagine si riservano espressamente il diritto di intraprendere azioni legali in caso di invio di informazioni pubblicitarie non richieste, come ad esempio e-mail spam.<\/p>\n<h2>3. Responsabile della protezione dei dati<\/h2>\n<h3>Responsabile legale della protezione dei dati<\/h3>\n<p>Abbiamo nominato un responsabile della protezione dei dati per la nostra azienda.<\/p>\n<p>MTSys GmbH<br \/>\nVeronika Minarik<br \/>\nVia Vitg Sura 16<br \/>\nPostfach 106<br \/>\n7017 Flims<br \/>\nSvizzera<\/p>\n<p>Telefono: 081 911 12 88<br \/>\nE-Mail: info@mtsys.ch<\/p>\n<h2>Raccolta dati sul nostro sito web<\/h2>\n<h3>Cockies<\/h3>\n<p>Alcune pagine Internet utilizzano i cosiddetti cookie. I cookie non causano danni al computer e non contengono virus. I cookie servono a rendere il nostro sito web pi\u00f9 facile da usare, efficace e sicuro. I cookie sono piccoli file di testo che vengono memorizzati sul computer e salvati dal browser.<\/p>\n<p>La maggior parte dei cookie che utilizziamo sono cosiddetti &#8220;cookie di sessione&#8221;. Essi vengono automaticamente cancellati alla fine della visita. Gli altri cookie rimangono memorizzati sul terminale fino a quando non vengono eliminati. Questi cookie ci consentono di riconoscere il tuo browser la prossima volta che visiti il nostro sito web.<\/p>\n<p>\u00c8 possibile impostare il browser in modo da essere informati sulle impostazioni dei cookie e consentire l&#8217;utilizzo degli stessi solo in singoli casi, escludere l&#8217;accettazione dei cookie in determinati casi o in generale e attivare la cancellazione automatica dei cookie alla chiusura del browser. Quando i cookie sono disattivati, le funzionalit\u00e0 di questo sito web potrebbero essere limitate.<\/p>\n<p>I cookie necessari per l&#8217;esecuzione del processo di comunicazione elettronica o per la fornitura di determinate funzioni desiderate dall&#8217;utente (ad es. la funzione di carrello) vengono memorizzati in base alla Legge federale sulla protezione dei dati (LPD). L&#8217;operatore del sito web ha un interesse legittimo nella memorizzazione dei cookies per la fornitura tecnicamente senza errori e ottimizzato dei suoi servizi. Se vengono memorizzati altri cookie (ad es. cookie per l&#8217;analisi del comportamento di navigazione), questi vengono trattati separatamente nella presente dichiarazione sulla protezione dei dati.<\/p>\n<h3>File di log del server<\/h3>\n<p>Il fornitore delle pagine raccoglie e memorizza automaticamente le informazioni nei cosiddetti file di log del server, che il browser ci trasmette automaticamente. Queste sono:<\/p>\n<ul>\n<li>tipo e versione del browser<\/li>\n<li>sistema operativo utilizzato<\/li>\n<li>URL del referrer<\/li>\n<li>nome host del computer di accesso<\/li>\n<li>orario della richiesta al server<\/li>\n<li>indirizzo IP<\/li>\n<\/ul>\n<p>Questi dati non sono combinati con altre fonti di dati.<\/p>\n<p>L&#8217;elaborazione dei dati si basa sulle direttive della Legge federale sulla protezione dei dati (LPD), che consente l&#8217;elaborazione dei dati per l&#8217;esecuzione di un contratto o di misure precontrattuali.<\/p>\n<h3>Modulo di contatto<\/h3>\n<p>Se Lei ci invia richieste di informazioni utilizzando il modulo di contatto, i dati da Lei nello stesso indicati, compresi i dati di contatto forniti, verranno da noi memorizzati per l&#8217;elaborazione della richiesta e in caso di domande successive. Non trasmetteremo questi dati senza il Suo consenso.<\/p>\n<p>L&#8217;elaborazione dei dati inseriti nel modulo di contatto avviene quindi esclusivamente in conformit\u00e0 alle direttive della Legge federale sulla protezione dei dati (LPD). Lei ha la facolt\u00e0 di revocare questo consenso in qualsiasi momento. Tutto quello che deve fare \u00e8 inviarci un&#8217;e-mail informale. La legittimit\u00e0 dei trattamenti dei dati effettuati fino alla revoca rimane impregiudicata.<\/p>\n<p>Manterremo i dati da Lei inseriti nel modulo di contatto fino a quando non ce ne chieder\u00e0 la cancellazione, il Suo consenso alla memorizzazione non sar\u00e0 revocato o lo scopo della memorizzazione dei dati non sar\u00e0 pi\u00f9 valido (ad es. dopo l&#8217;elaborazione della Sua richiesta). Restano impregiudicate le disposizioni di legge obbligatorie, in particolare i periodi di conservazione.<\/p>\n<h2>5. Strumenti di analisi e pubblicit\u00e0<\/h2>\n<h3>Google Analytics<\/h3>\n<p>Questo sito web utilizza funzioni del servizio di analisi web Google Analytics. Il fornitore \u00e8 Google Inc., 1600 Amphitheatre Parkway, Mountain View, CA 94043, USA.<\/p>\n<p>Google Analytics utilizza i cosiddetti &#8220;cookies&#8221;. Si tratta di file di testo che vengono memorizzati sul Suo computer e consentono un&#8217;analisi del Suo utilizzo del sito web. Le informazioni generate dal cookie sul Suo utilizzo del sito web vengono di norma trasmesse e depositate presso un server di Google negli Stati Uniti.<\/p>\n<p>I cookie di Google Analytics vengono memorizzati secondo le direttive della Legge federale sulla protezione dei dati (LPD). Il gestore del sito web ha un interesse legittimo ad analizzare il comportamento dell&#8217;utente al fine di ottimizzare sia il suo sito web che la sua pubblicit\u00e0.<\/p>\n<p><strong>Anonimizzazione IP<\/strong><\/p>\n<p>Abbiamo attivato la funzione di anonimizzazione IP su questo sito web. In questo modo, prima di essere trasmesso agli Stati Uniti, il Suo indirizzo IP sar\u00e0 accorciato da Google negli Stati membri dell&#8217;Unione Europea o in altri paesi firmatari dell&#8217;accordo sullo Spazio economico europeo. Solo in casi eccezionali l\u2019indirizzo IP completo viene inviato a un server di Google negli Stati Uniti, dove poi viene abbreviato. Su incarico del gestore di questo sito web, Google utilizzer\u00e0 queste informazioni per analizzare il Suo utilizzo del sito web, compilare report sulle attivit\u00e0 del sito web e fornire al gestore altri servizi relativi all&#8217;utilizzo del sito web e di Internet. Google non assocer\u00e0 in alcun modo il Suo indirizzo IP trasmesso dal browser per mezzo di Google Analytics con altri dati.<\/p>\n<p><strong>Plugin del browser<\/strong><\/p>\n<p>Lei pu\u00f2 impedire il salvataggio dei cookie cambiando la relativa impostazione del software del Suo browser; tuttavia Le facciamo notare che in questo caso alcune funzioni potrebbero non funzionare pienamente. Lei pu\u00f2 inoltre impedire a Google di raccogliere i dati generati dal cookie e relativi al Suo utilizzo del sito web (compreso il Suo indirizzo IP) e di elaborarli, scaricando e installando il plug-in del browser disponibile al seguente link: <a href=\"https:\/\/tools.google.com\/dlpage\/gaoptout?hl=it\">https:\/\/tools.google.com\/dlpage\/gaoptout?hl=it<\/a>.<\/p>\n<p><strong>Rifiuto alla raccolta dei dati<br \/>\n<\/strong><br \/>\nLei pu\u00f2 impedire a Google Analytics di raccogliere i Suoi dati cliccando sul seguente link. Viene impostato un cookie di dissociazione che impedisce la raccolta dei dati sulle visite future a questo sito Web: disattiva Google Analytics.<\/p>\n<p>Ulteriori informazioni su come Google Analytics gestisce i dati degli utenti sono disponibili nell&#8217;informativa sulla privacy di Google: <a href=\"https:\/\/support.google.com\/analytics\/answer\/6004245?hl=it\">https:\/\/support.google.com\/analytics\/answer\/6004245?hl=it<\/a>.<\/p>\n<h3>Google reCAPTCHA<\/h3>\n<p>Utilizziamo &#8220;Google reCAPTCHA&#8221; (di seguito &#8220;reCAPTCHA&#8221;) sui nostri siti web. Il fornitore \u00e8 Google Inc, 1600 Anfiteatro Parkway, Mountain View, CA 94043, USA (&#8220;Google&#8221;).<\/p>\n<p>Con reCAPTCHA \u00e8 necessario verificare se l&#8217;immissione dei dati sui nostri siti Web (ad es. sotto forma di contatto) \u00e8 effettuata da un essere umano o da un programma automatizzato. Per questo reCAPTCHA analizza il comportamento del visitatore del sito web sulla base di diverse caratteristiche. L&#8217;analisi inizia automaticamente non appena il visitatore del sito web entra nel sito stesso. Per l&#8217;analisi, reCAPTCHA valuta varie informazioni (ad esempio l&#8217;indirizzo IP, l&#8217;ora in cui il visitatore del sito rimane sul sito o i movimenti del mouse effettuati dall&#8217;utente). I dati raccolti durante l&#8217;analisi vengono inoltrati a Google.<\/p>\n<p>Le analisi di reCAPTCHA vengono eseguite completamente in background. I visitatori del sito non sono informati che \u00e8 in corso un&#8217;analisi.<\/p>\n<p>Il trattamento dei dati avviene sulla base della legge federale sulla protezione dei dati (LPD). Il gestore del sito ha un interesse legittimo a proteggere le offerte del suo sito web contro lo spionaggio abusivo automatizzato e lo SPAM.<\/p>\n<p>Ulteriori informazioni su Google reCAPTCHA e sull&#8217;informativa sulla privacy di Google sono disponibili all&#8217;indirizzo: <a href=\"https:\/\/www.google.com\/intl\/it\/policies\/privacy\/\">https:\/\/www.google.com\/intl\/it\/policies\/privacy\/<\/a> e <a href=\"https:\/\/www.google.com\/recaptcha\/intro\/android.html\">https:\/\/www.google.com\/recaptcha\/intro\/android.html<\/a>.<\/p>\n<h2>6. Newsletter<\/h2>\n<h3>Dati per la newsletter<\/h3>\n<p>Se desidera iscriversi alla newsletter offerta sul sito, abbiamo bisogno di un Suo indirizzo e-mail e di informazioni che ci consentano di verificare che Lei sia il proprietario dell&#8217;indirizzo e-mail fornito e che accetti di ricevere la newsletter. Ulteriori dati non saranno raccolti o lo saranno solo su base volontaria. Utilizziamo questi dati esclusivamente per l&#8217;invio delle informazioni richieste e non li trasmettiamo a terzi.<\/p>\n<p>L&#8217;elaborazione dei dati inseriti nel modulo di iscrizione alla newsletter avviene esclusivamente in conformit\u00e0 alle direttive della Legge federale sulla protezione dei dati (LPD). Pu\u00f2 revocare in qualsiasi momento il Suo consenso alla memorizzazione dei dati, dell&#8217;indirizzo e-mail e del suo utilizzo per l&#8217;invio della newsletter, ad esempio tramite il link &#8220;Cancella iscrizione&#8221; nella newsletter. La legittimit\u00e0 dei trattamenti dei dati gi\u00e0 effettuati rimane impregiudicata dalla revoca.<\/p>\n<p>I dati da Lei forniti per l&#8217;iscrizione alla newsletter verranno da noi memorizzati fino alla cancellazione della Sua iscrizione alla newsletter, dopo la quale saranno eliminati. I dati da noi memorizzati per altri scopi (ad es. indirizzi e-mail per l&#8217;area riservata) rimangono inalterati.<\/p>\n<h3>CleverReach<\/h3>\n<p>Questo sito web utilizza CleverReach per l&#8217;invio di newsletter. Il fornitore \u00e8 CleverReach GmbH &amp; Co KG, M\u00fchlenstr. 43, 26180 Rastede. CleverReach \u00e8 un servizio con il quale \u00e8 possibile organizzare e analizzare l&#8217;invio della newsletter. I dati da Lei inseriti per l&#8217;iscrizione alla newsletter (ad es. l&#8217;indirizzo e-mail) saranno memorizzati sui server di CleverReach in Germania e Irlanda.<\/p>\n<p>Le nostre newsletter inviate con CleverReach ci permettono di analizzare il comportamento dei destinatari delle stesse. Tra le altre cose, in questo modo \u00e8 possibile analizzare quanti destinatari hanno aperto il messaggio della newsletter e con quale frequenza \u00e8 stato cliccato il link nella newsletter.<\/p>\n<p>Con l&#8217;aiuto del cosiddetto conversion-trackings si pu\u00f2 anche analizzare se un&#8217;azione predefinita (ad esempio l&#8217;acquisto di un prodotto sul nostro sito web) \u00e8 stata effettuata dopo aver cliccato sul link nella newsletter. Per ulteriori informazioni sull&#8217;analisi dei dati attraverso la newsletter CleverReach, visiti il sito: <a href=\"https:\/\/www.cleverreach.com\/it\/funzionalita\/reporting-e-tracking\/\">https:\/\/www.cleverreach.com\/it\/funzionalita\/reporting-e-tracking\/<\/a>.<\/p>\n<p>Il trattamento dei dati avviene secondo le direttive della Legge federale sulla protezione dei dati (LPD). Pu\u00f2 revocare questo consenso in qualsiasi momento annullando la Sua iscrizione alla newsletter. La legittimit\u00e0 dei trattamenti dei dati gi\u00e0 effettuati rimane impregiudicata dalla revoca.<\/p>\n<p>Se non desidera che CleverReach analizzi i Suoi dati, deve annullare la Sua iscrizione alla newsletter. Forniamo un link a tale scopo in ogni messaggio della newsletter. Pu\u00f2 anche annullare l&#8217;iscrizione alla newsletter direttamente sul sito web.<\/p>\n<p>I dati da Lei forniti per l&#8217;iscrizione alla newsletter verranno da noi memorizzati fino alla cancellazione della Sua iscrizione alla newsletter, dopo la quale saranno eliminati sia dai nostri server che da quelli di CleverReach. I dati da noi memorizzati per altri scopi (ad es. indirizzi e-mail per l&#8217;area riservata) rimangono inalterati.<\/p>\n<p>Per ulteriori informazioni, pu\u00f2 consultare l&#8217;informativa sulla privacy di CleverReach: <a href=\"https:\/\/www.cleverreach.com\/it\/privacy-policy\/\">https:\/\/www.cleverreach.com\/it\/privacy-policy\/<\/a>.<\/p>\n<p><strong>Conclusione di un contratto per l&#8217;elaborazione dei dati degli ordini<\/strong><\/p>\n<p>Abbiamo stipulato un contratto con CleverReach per l&#8217;elaborazione dei dati degli ordini e per l&#8217;utilizzo di CleverReach applichiamo pienamente i severi requisiti delle autorit\u00e0 tedesche per la protezione dei dati.<\/p>\n<h2>7. Plugin e strumenti<\/h2>\n<h3>YouTube<\/h3>\n<p>Il nostro sito web utilizza plugin del sito YouTube gestito da Google. Questo sito web \u00e8 gestito da YouTube, LLC, 901 Cherry Ave., San Bruno, CA 94066, USA.<\/p>\n<p>Se Lei visita una delle nostre pagine dotata di un plugin YouTube, viene stabilita una connessione ai server di YouTube. Il server di YouTube \u00e8 informato su quali delle nostre pagine ha visitato.<\/p>\n<p>Se Lei \u00e8 connesso al Suo account YouTube, permette a YouTube di associare il Suo comportamento di navigazione direttamente al Suo profilo personale. \u00c8 possibile evitare che questo accada effettuando il logout dal proprio account YouTube.<\/p>\n<p>L&#8217;utilizzo di YouTube \u00e8 nell&#8217;interesse di una presentazione accattivante delle nostre offerte online.<br \/>\nPer ulteriori informazioni sulla gestione dei dati utente, pu\u00f2 consultare l&#8217;informativa sulla privacy di YouTube: <a href=\"https:\/\/policies.google.com\/privacy?hl=it\">https:\/\/policies.google.com\/privacy?hl=it<\/a>.<\/p>\n<h3>Google Web Fonts<\/h3>\n<p>Questo sito utilizza i cosiddetti web font forniti da Google per visualizzare in modo uniforme i caratteri di scrittura. Quando si richiama una pagina, il browser carica i web font richiesti nella cache del browser per visualizzare correttamente testi e caratteri di scrittura.<\/p>\n<p>Per tale scopo, il browser che si sta utilizzando deve connettersi ai server di Google. In questo modo, Google viene a conoscenza del fatto che il nostro sito web \u00e8 stato visitato tramite il Suo indirizzo IP. L&#8217;utilizzo di Google Web Fonts \u00e8 nell&#8217;interesse di una presentazione uniforme e accattivante delle nostre offerte online.<\/p>\n<p>Se il browser non supporta i web font, il computer utilizza un carattere di scrittura predefinito.<br \/>\nPu\u00f2 trovare ulteriori informazioni riguardo a Google Web Fonts al link: <a href=\"https:\/\/developers.google.com\/fonts\/faq\">https:\/\/developers.google.com\/fonts\/faq<\/a> e nell&#8217;informativa sulla privacy di Google: <a href=\"https:\/\/www.google.com\/policies\/privacy\/\">https:\/\/www.google.com\/policies\/privacy\/<\/a>.<\/p>\n","protected":false},"excerpt":{"rendered":"<p>1. Protezione dei dati in sintesi Informazioni generali Le note che seguono forniscono una semplice panoramica di ci\u00f2 che accade ai Suoi dati personali quando visita il nostro sito web. I dati personali sono tutti i dati che consentono la Sua identificazione personale. Informazioni dettagliate sulla protezione dei dati sono contenute nella nostra dichiarazione sulla &hellip; <a href=\"https:\/\/www.mtsys.ch\/it\/protezione-dei-dati\/\" class=\"more-link\">Continue reading<span class=\"screen-reader-text\"> &#8220;Protezione dei dati&#8221;<\/span><\/a><\/p>\n","protected":false},"author":1,"featured_media":56,"parent":0,"menu_order":0,"comment_status":"closed","ping_status":"closed","template":"","meta":{"_acf_changed":false,"footnotes":""},"class_list":["post-2263","page","type-page","status-publish","has-post-thumbnail","hentry"],"acf":[],"aioseo_notices":[],"_links":{"self":[{"href":"https:\/\/www.mtsys.ch\/it\/wp-json\/wp\/v2\/pages\/2263","targetHints":{"allow":["GET"]}}],"collection":[{"href":"https:\/\/www.mtsys.ch\/it\/wp-json\/wp\/v2\/pages"}],"about":[{"href":"https:\/\/www.mtsys.ch\/it\/wp-json\/wp\/v2\/types\/page"}],"author":[{"embeddable":true,"href":"https:\/\/www.mtsys.ch\/it\/wp-json\/wp\/v2\/users\/1"}],"replies":[{"embeddable":true,"href":"https:\/\/www.mtsys.ch\/it\/wp-json\/wp\/v2\/comments?post=2263"}],"version-history":[{"count":4,"href":"https:\/\/www.mtsys.ch\/it\/wp-json\/wp\/v2\/pages\/2263\/revisions"}],"predecessor-version":[{"id":2268,"href":"https:\/\/www.mtsys.ch\/it\/wp-json\/wp\/v2\/pages\/2263\/revisions\/2268"}],"wp:featuredmedia":[{"embeddable":true,"href":"https:\/\/www.mtsys.ch\/it\/wp-json\/wp\/v2\/media\/56"}],"wp:attachment":[{"href":"https:\/\/www.mtsys.ch\/it\/wp-json\/wp\/v2\/media?parent=2263"}],"curies":[{"name":"wp","href":"https:\/\/api.w.org\/{rel}","templated":true}]}}