{"id":845,"date":"2018-03-13T17:17:33","date_gmt":"2018-03-13T16:17:33","guid":{"rendered":"http:\/\/www.templatestore-kunden.ch\/mtsys\/?page_id=845"},"modified":"2022-11-04T09:23:38","modified_gmt":"2022-11-04T08:23:38","slug":"references","status":"publish","type":"page","link":"https:\/\/www.mtsys.ch\/fr\/references\/","title":{"rendered":"R\u00e9f\u00e9rences"},"content":{"rendered":"<div id=\"pl-845\"  class=\"panel-layout\" ><div id=\"pg-845-0\"  class=\"panel-grid panel-no-style\" ><div id=\"pgc-845-0-0\"  class=\"panel-grid-cell\" ><div id=\"panel-845-0-0-0\" class=\"so-panel widget widget_sow-editor panel-first-child\" data-index=\"0\" ><div class=\"intro panel-widget-style panel-widget-style-for-845-0-0-0\" ><div\n\t\t\t\n\t\t\tclass=\"so-widget-sow-editor so-widget-sow-editor-base\"\n\t\t\t\n\t\t><h3 class=\"widget-title\">Ces r\u00e9f\u00e9rences parlent d\u2019elles-m\u00eames \u2013 et pour nous<\/h3>\n<div class=\"siteorigin-widget-tinymce textwidget\">\n\t<\/div>\n<\/div><\/div><\/div><div id=\"panel-845-0-0-1\" class=\"so-panel widget widget_sow-editor\" data-index=\"1\" ><div class=\"intro panel-widget-style panel-widget-style-for-845-0-0-1\" ><div\n\t\t\t\n\t\t\tclass=\"so-widget-sow-editor so-widget-sow-editor-base\"\n\t\t\t\n\t\t>\n<div class=\"siteorigin-widget-tinymce textwidget\">\n\t<p>Plusieurs milliers de syst\u00e8mes d\u2019ass\u00e8chement des murs MTS sont d\u00e9j\u00e0 utilis\u00e9s avec succ\u00e8s: du type MTS D10 au type MTS D70. Les utilisateurs de MTS, les architectes et les organismes de v\u00e9rification confirment l\u2019efficacit\u00e9 des syst\u00e8mes MTS.<\/p>\n<\/div>\n<\/div><\/div><\/div><div id=\"panel-845-0-0-2\" class=\"so-panel widget widget_sow-editor\" data-index=\"2\" ><div class=\"heading-blue smaller-h two-col panel-widget-style panel-widget-style-for-845-0-0-2\" ><div\n\t\t\t\n\t\t\tclass=\"so-widget-sow-editor so-widget-sow-editor-base\"\n\t\t\t\n\t\t><h3 class=\"widget-title\">Nos clients viennent de tous les horizons:<\/h3>\n<div class=\"siteorigin-widget-tinymce textwidget\">\n\t<div class=\"textwidget\">\n<ul>\n<li>Propri\u00e9taires priv\u00e9s<\/li>\n<li>Architectes<\/li>\n<li>Agences immobili\u00e8res et entreprises de construction<\/li>\n<li>Communes et \u00e9coles<\/li>\n<li>Administrations des domaines<\/li>\n<li>Compagnies d\u2019assurances<\/li>\n<li>H\u00f4pitaux<\/li>\n<li>\u00c9tablissements h\u00f4teliers<\/li>\n<li>\u00c9glises et monast\u00e8res, mus\u00e9es<\/li>\n<li>etc.<\/li>\n<\/ul>\n<\/div>\n<\/div>\n<\/div><\/div><\/div><div id=\"panel-845-0-0-3\" class=\"so-panel widget widget_sow-editor panel-last-child\" data-index=\"3\" ><div class=\"heading-blue panel-widget-style panel-widget-style-for-845-0-0-3\" ><div\n\t\t\t\n\t\t\tclass=\"so-widget-sow-editor so-widget-sow-editor-base\"\n\t\t\t\n\t\t><h3 class=\"widget-title\">Voici un extrait de notre liste de r\u00e9f\u00e9rences<\/h3>\n<div class=\"siteorigin-widget-tinymce textwidget\">\n\t<div class=\"textwidget\">\n<p>Nous vous remercions de comprendre que, pour des raisons de protection des donn\u00e9es, nous ne donnerons pas d\u2019adresse ici. Sur demande, nous vous ferons toutefois parvenir de plus amples informations et vous donnerons la possibilit\u00e9 de vous informer sur nos syst\u00e8mes MTS aupr\u00e8s de nos clients.<\/p>\n<\/div>\n<\/div>\n<\/div><\/div><\/div><\/div><\/div><div id=\"pg-845-1\"  class=\"panel-grid panel-has-style\" ><div class=\"panel-row-style panel-row-style-for-845-1\" ><div id=\"pgc-845-1-0\"  class=\"panel-grid-cell\" ><div class=\"panel-cell-style panel-cell-style-for-845-1-0\" ><div id=\"panel-845-1-0-0\" class=\"so-panel widget widget_media_image panel-first-child panel-last-child\" data-index=\"4\" ><div class=\"full referenzen-img panel-widget-style panel-widget-style-for-845-1-0-0\" ><img loading=\"lazy\" decoding=\"async\" width=\"700\" height=\"480\" src=\"https:\/\/www.mtsys.ch\/wp-content\/uploads\/2018\/03\/MTS_Referenzobjekt_1.jpg\" class=\"image wp-image-572  attachment-full size-full\" alt=\"F\u00e9d\u00e9ration des coop\u00e9ratives Migros, Suisse\" style=\"max-width: 100%; height: auto;\" srcset=\"https:\/\/www.mtsys.ch\/wp-content\/uploads\/2018\/03\/MTS_Referenzobjekt_1.jpg 700w, https:\/\/www.mtsys.ch\/wp-content\/uploads\/2018\/03\/MTS_Referenzobjekt_1-300x206.jpg 300w\" sizes=\"auto, (max-width: 700px) 85vw, 700px\" \/><\/div><\/div><\/div><\/div><div id=\"pgc-845-1-1\"  class=\"panel-grid-cell\" ><div class=\"panel-cell-style panel-cell-style-for-845-1-1\" ><div id=\"panel-845-1-1-0\" class=\"so-panel widget widget_sow-editor panel-first-child panel-last-child\" data-index=\"5\" ><div class=\"heading-blue smaller-h referenzen panel-widget-style panel-widget-style-for-845-1-1-0\" ><div\n\t\t\t\n\t\t\tclass=\"so-widget-sow-editor so-widget-sow-editor-base\"\n\t\t\t\n\t\t><h3 class=\"widget-title\">F\u00e9d\u00e9ration des coop\u00e9ratives Migros, Suisse<\/h3>\n<div class=\"siteorigin-widget-tinymce textwidget\">\n\t<table>\n<tbody>\n<tr>\n<td>Type de b\u00e2timent:<\/td>\n<td>Maison de Zurich<\/td>\n<\/tr>\n<tr>\n<td>D\u00e9g\u00e2ts:<\/td>\n<td>Odeur de pourriture et humidit\u00e9 \u00e9lev\u00e9e dans les murs des entrep\u00f4ts.<\/td>\n<\/tr>\n<tr>\n<td>Remarque:<\/td>\n<td>Nos syst\u00e8mes MTS ont fait leurs preuves dans d\u2019autres immeubles de la Migros.<\/td>\n<\/tr>\n<\/tbody>\n<\/table>\n<\/div>\n<\/div><\/div><\/div><\/div><\/div><\/div><\/div><div id=\"pg-845-2\"  class=\"panel-grid panel-has-style\" ><div class=\"panel-row-style panel-row-style-for-845-2\" ><div id=\"pgc-845-2-0\"  class=\"panel-grid-cell\" ><div class=\"panel-cell-style panel-cell-style-for-845-2-0\" ><div id=\"panel-845-2-0-0\" class=\"so-panel widget widget_sow-editor panel-first-child panel-last-child\" data-index=\"6\" ><div class=\"heading-blue smaller-h referenzen panel-widget-style panel-widget-style-for-845-2-0-0\" ><div\n\t\t\t\n\t\t\tclass=\"so-widget-sow-editor so-widget-sow-editor-base\"\n\t\t\t\n\t\t><h3 class=\"widget-title\">Maison natale de Gottlieb Duttweilser, fondateur de la Migros<\/h3>\n<div class=\"siteorigin-widget-tinymce textwidget\">\n\t<table>\n<tbody>\n<tr>\n<td>Type de b\u00e2timent:<\/td>\n<td>Maison de rang\u00e9e \u00e0 Zurich<\/td>\n<\/tr>\n<tr>\n<td>D\u00e9g\u00e2ts:<\/td>\n<td>Forte humidit\u00e9 par capillarit\u00e9 avec dommages au cr\u00e9pi de la cave<\/td>\n<\/tr>\n<tr>\n<td>Remarque:<\/td>\n<td>Au bout d\u2019un an environ, l\u2019humidit\u00e9 des murs s\u2019\u00e9tait normalis\u00e9e et la cave a pu \u00eatre assainie d\u00e9finitivement.<\/td>\n<\/tr>\n<\/tbody>\n<\/table>\n<\/div>\n<\/div><\/div><\/div><\/div><\/div><div id=\"pgc-845-2-1\"  class=\"panel-grid-cell\" ><div class=\"panel-cell-style panel-cell-style-for-845-2-1\" ><div id=\"panel-845-2-1-0\" class=\"so-panel widget widget_media_image panel-first-child panel-last-child\" data-index=\"7\" ><div class=\"full referenzen-img panel-widget-style panel-widget-style-for-845-2-1-0\" ><img loading=\"lazy\" decoding=\"async\" width=\"700\" height=\"480\" src=\"https:\/\/www.mtsys.ch\/wp-content\/uploads\/2018\/03\/MTS_Referenzobjekt_2.jpg\" class=\"image wp-image-573  attachment-full size-full\" alt=\"Maison natale de Gottlieb Duttweilser, fondateur de la Migros\" style=\"max-width: 100%; height: auto;\" srcset=\"https:\/\/www.mtsys.ch\/wp-content\/uploads\/2018\/03\/MTS_Referenzobjekt_2.jpg 700w, https:\/\/www.mtsys.ch\/wp-content\/uploads\/2018\/03\/MTS_Referenzobjekt_2-300x206.jpg 300w\" sizes=\"auto, (max-width: 700px) 85vw, 700px\" \/><\/div><\/div><\/div><\/div><\/div><\/div><div id=\"pg-845-3\"  class=\"panel-grid panel-has-style\" ><div class=\"panel-row-style panel-row-style-for-845-3\" ><div id=\"pgc-845-3-0\"  class=\"panel-grid-cell\" ><div class=\"panel-cell-style panel-cell-style-for-845-3-0\" ><div id=\"panel-845-3-0-0\" class=\"so-panel widget widget_media_image panel-first-child panel-last-child\" data-index=\"8\" ><div class=\"full referenzen-img panel-widget-style panel-widget-style-for-845-3-0-0\" ><img loading=\"lazy\" decoding=\"async\" width=\"700\" height=\"480\" src=\"https:\/\/www.mtsys.ch\/wp-content\/uploads\/2018\/03\/MTS_referenzobjekt_3.jpg\" class=\"image wp-image-574  attachment-full size-full\" alt=\"Cha\u00eene d\u2019h\u00f4tels, Suisse\" style=\"max-width: 100%; height: auto;\" srcset=\"https:\/\/www.mtsys.ch\/wp-content\/uploads\/2018\/03\/MTS_referenzobjekt_3.jpg 700w, https:\/\/www.mtsys.ch\/wp-content\/uploads\/2018\/03\/MTS_referenzobjekt_3-300x206.jpg 300w\" sizes=\"auto, (max-width: 700px) 85vw, 700px\" \/><\/div><\/div><\/div><\/div><div id=\"pgc-845-3-1\"  class=\"panel-grid-cell\" ><div class=\"panel-cell-style panel-cell-style-for-845-3-1\" ><div id=\"panel-845-3-1-0\" class=\"so-panel widget widget_sow-editor panel-first-child panel-last-child\" data-index=\"9\" ><div class=\"heading-blue smaller-h referenzen panel-widget-style panel-widget-style-for-845-3-1-0\" ><div\n\t\t\t\n\t\t\tclass=\"so-widget-sow-editor so-widget-sow-editor-base\"\n\t\t\t\n\t\t><h3 class=\"widget-title\">Cha\u00eene d\u2019h\u00f4tels, Suisse<\/h3>\n<div class=\"siteorigin-widget-tinymce textwidget\">\n\t<table>\n<tbody>\n<tr>\n<td>Type de b\u00e2timent:<\/td>\n<td>Etablissement h\u00f4telier<\/td>\n<\/tr>\n<tr>\n<td>D\u00e9g\u00e2ts:<\/td>\n<td>Probl\u00e8mes d\u2019humidit\u00e9<\/td>\n<\/tr>\n<tr>\n<td>Remarque:<\/td>\n<td>Suite \u00e0 la r\u00e9ussite de l\u2019ass\u00e8chement, plusieurs h\u00f4tels de cette cha\u00eene utilisent d\u00e9sormais les syst\u00e8mes MTS.<\/td>\n<\/tr>\n<\/tbody>\n<\/table>\n<\/div>\n<\/div><\/div><\/div><\/div><\/div><\/div><\/div><div id=\"pg-845-4\"  class=\"panel-grid panel-has-style\" ><div class=\"panel-row-style panel-row-style-for-845-4\" ><div id=\"pgc-845-4-0\"  class=\"panel-grid-cell\" ><div class=\"panel-cell-style panel-cell-style-for-845-4-0\" ><div id=\"panel-845-4-0-0\" class=\"so-panel widget widget_sow-editor panel-first-child panel-last-child\" data-index=\"10\" ><div class=\"heading-blue smaller-h referenzen panel-widget-style panel-widget-style-for-845-4-0-0\" ><div\n\t\t\t\n\t\t\tclass=\"so-widget-sow-editor so-widget-sow-editor-base\"\n\t\t\t\n\t\t><h3 class=\"widget-title\">Patrimoine culturel national, Suisse<\/h3>\n<div class=\"siteorigin-widget-tinymce textwidget\">\n\t<table>\n<tbody>\n<tr>\n<td>Type de b\u00e2timent:<\/td>\n<td>Monument historique avec peintures murales de l\u2019\u00e9poque gothique tardive<\/td>\n<\/tr>\n<tr>\n<td>D\u00e9g\u00e2ts:<\/td>\n<td>Probl\u00e8mes d\u2019humidit\u00e9<\/td>\n<\/tr>\n<tr>\n<td>Remarque:<\/td>\n<td>Les pr\u00e9cieuses peintures murales ont pu \u00eatre restaur\u00e9es gr\u00e2ce \u00e0 l\u2019ass\u00e8chement des murs.<\/td>\n<\/tr>\n<\/tbody>\n<\/table>\n<\/div>\n<\/div><\/div><\/div><\/div><\/div><div id=\"pgc-845-4-1\"  class=\"panel-grid-cell\" ><div class=\"panel-cell-style panel-cell-style-for-845-4-1\" ><div id=\"panel-845-4-1-0\" class=\"so-panel widget widget_media_image panel-first-child panel-last-child\" data-index=\"11\" ><div class=\"full referenzen-img panel-widget-style panel-widget-style-for-845-4-1-0\" ><img loading=\"lazy\" decoding=\"async\" width=\"700\" height=\"480\" src=\"https:\/\/www.mtsys.ch\/wp-content\/uploads\/2018\/03\/MTS_Referenzobjekt_4.jpg\" class=\"image wp-image-575  attachment-full size-full\" alt=\"Patrimoine culturel national, Suisse\" style=\"max-width: 100%; height: auto;\" srcset=\"https:\/\/www.mtsys.ch\/wp-content\/uploads\/2018\/03\/MTS_Referenzobjekt_4.jpg 700w, https:\/\/www.mtsys.ch\/wp-content\/uploads\/2018\/03\/MTS_Referenzobjekt_4-300x206.jpg 300w\" sizes=\"auto, (max-width: 700px) 85vw, 700px\" \/><\/div><\/div><\/div><\/div><\/div><\/div><div id=\"pg-845-5\"  class=\"panel-grid panel-has-style\" ><div class=\"panel-row-style panel-row-style-for-845-5\" ><div id=\"pgc-845-5-0\"  class=\"panel-grid-cell\" ><div class=\"panel-cell-style panel-cell-style-for-845-5-0\" ><div id=\"panel-845-5-0-0\" class=\"so-panel widget widget_media_image panel-first-child panel-last-child\" data-index=\"12\" ><div class=\"full referenzen-img panel-widget-style panel-widget-style-for-845-5-0-0\" ><img loading=\"lazy\" decoding=\"async\" width=\"700\" height=\"480\" src=\"https:\/\/www.mtsys.ch\/wp-content\/uploads\/2018\/03\/MTS_Referenzobjekt_6.jpg\" class=\"image wp-image-577  attachment-full size-full\" alt=\"Monast\u00e8re historique, Suisse\" style=\"max-width: 100%; height: auto;\" srcset=\"https:\/\/www.mtsys.ch\/wp-content\/uploads\/2018\/03\/MTS_Referenzobjekt_6.jpg 700w, https:\/\/www.mtsys.ch\/wp-content\/uploads\/2018\/03\/MTS_Referenzobjekt_6-300x206.jpg 300w\" sizes=\"auto, (max-width: 700px) 85vw, 700px\" \/><\/div><\/div><\/div><\/div><div id=\"pgc-845-5-1\"  class=\"panel-grid-cell\" ><div class=\"panel-cell-style panel-cell-style-for-845-5-1\" ><div id=\"panel-845-5-1-0\" class=\"so-panel widget widget_sow-editor panel-first-child panel-last-child\" data-index=\"13\" ><div class=\"heading-blue smaller-h referenzen panel-widget-style panel-widget-style-for-845-5-1-0\" ><div\n\t\t\t\n\t\t\tclass=\"so-widget-sow-editor so-widget-sow-editor-base\"\n\t\t\t\n\t\t><h3 class=\"widget-title\">Monast\u00e8re historique, Suisse<\/h3>\n<div class=\"siteorigin-widget-tinymce textwidget\">\n\t<table>\n<tbody>\n<tr>\n<td>\nType de b\u00e2timent:<\/td>\n<td>Pierre naturelle<\/td>\n<\/tr>\n<tr>\n<td>D\u00e9g\u00e2ts:<\/td>\n<td>Tr\u00e8s forte attaque des murs int\u00e9rieurs des pi\u00e8ces de vie et des chambres par l\u2019humidit\u00e9.<\/td>\n<\/tr>\n<tr>\n<td>Remarque:<\/td>\n<td>Le syst\u00e8me MTS a permis l\u2019ass\u00e8chement de tous les murs attaqu\u00e9s. L\u2019atmosph\u00e8re de vie est \u00e0 nouveau agr\u00e9able.<\/td>\n<\/tr>\n<\/tbody>\n<\/table>\n<\/div>\n<\/div><\/div><\/div><\/div><\/div><\/div><\/div><div id=\"pg-845-6\"  class=\"panel-grid panel-has-style\" ><div class=\"panel-row-style panel-row-style-for-845-6\" ><div id=\"pgc-845-6-0\"  class=\"panel-grid-cell\" ><div class=\"panel-cell-style panel-cell-style-for-845-6-0\" ><div id=\"panel-845-6-0-0\" class=\"so-panel widget widget_sow-editor panel-first-child panel-last-child\" data-index=\"14\" ><div class=\"heading-blue smaller-h referenzen panel-widget-style panel-widget-style-for-845-6-0-0\" ><div\n\t\t\t\n\t\t\tclass=\"so-widget-sow-editor so-widget-sow-editor-base\"\n\t\t\t\n\t\t><h3 class=\"widget-title\">Maison de famille des Grisons du 17\u00e8me Si\u00e8cle, Suisse<\/h3>\n<div class=\"siteorigin-widget-tinymce textwidget\">\n\t<table>\n<tbody>\n<tr>\n<td>Type de b\u00e2timent:<\/td>\n<td>Pierre naturelle<\/td>\n<\/tr>\n<tr>\n<td>D\u00e9g\u00e2ts:<\/td>\n<td>Forte humidit\u00e9 de la cave avec l\u2019odeur de moisi.<\/td>\n<\/tr>\n<tr>\n<td>Remarque:<\/td>\n<td>Avec MTS, la situation d'humidit\u00e9 dans la ma\u00e7onnerie s'est normalis\u00e9e et l'odeur de moisi a disparu.<\/td>\n<\/tr>\n<\/tbody>\n<\/table>\n<\/div>\n<\/div><\/div><\/div><\/div><\/div><div id=\"pgc-845-6-1\"  class=\"panel-grid-cell\" ><div class=\"panel-cell-style panel-cell-style-for-845-6-1\" ><div id=\"panel-845-6-1-0\" class=\"so-panel widget widget_media_image panel-first-child panel-last-child\" data-index=\"15\" ><div class=\"full referenzen-img panel-widget-style panel-widget-style-for-845-6-1-0\" ><img loading=\"lazy\" decoding=\"async\" width=\"700\" height=\"480\" src=\"https:\/\/www.mtsys.ch\/wp-content\/uploads\/2018\/04\/MTS_Referenzobjekt_9.jpg\" class=\"image wp-image-1649  attachment-full size-full\" alt=\"Maison de famille des Grisons du 17\u00e8me Si\u00e8cle, Suisse\" style=\"max-width: 100%; height: auto;\" srcset=\"https:\/\/www.mtsys.ch\/wp-content\/uploads\/2018\/04\/MTS_Referenzobjekt_9.jpg 700w, https:\/\/www.mtsys.ch\/wp-content\/uploads\/2018\/04\/MTS_Referenzobjekt_9-300x206.jpg 300w\" sizes=\"auto, (max-width: 700px) 85vw, 700px\" \/><\/div><\/div><\/div><\/div><\/div><\/div><div id=\"pg-845-7\"  class=\"panel-grid panel-has-style\" ><div class=\"panel-row-style panel-row-style-for-845-7\" ><div id=\"pgc-845-7-0\"  class=\"panel-grid-cell\" ><div id=\"panel-845-7-0-0\" class=\"so-panel widget widget_sow-editor panel-first-child panel-last-child\" data-index=\"16\" ><div class=\"heading-blue smaller-h panel-widget-style panel-widget-style-for-845-7-0-0\" ><div\n\t\t\t\n\t\t\tclass=\"so-widget-sow-editor so-widget-sow-editor-base\"\n\t\t\t\n\t\t><h3 class=\"widget-title\">Ch\u00e2teau historique, Autriche<\/h3>\n<div class=\"siteorigin-widget-tinymce textwidget\">\n\t<div class=\"textwidget\">&nbsp;<\/div>\n<\/div>\n<\/div><\/div><\/div><\/div><\/div><\/div><div id=\"pg-845-8\"  class=\"panel-grid panel-has-style\" ><div class=\"panel-row-style panel-row-style-for-845-8\" ><div id=\"pgc-845-8-0\"  class=\"panel-grid-cell\" ><div id=\"panel-845-8-0-0\" class=\"so-panel widget widget_sow-editor panel-first-child\" data-index=\"17\" ><div class=\"panel-widget-style panel-widget-style-for-845-8-0-0\" ><div\n\t\t\t\n\t\t\tclass=\"so-widget-sow-editor so-widget-sow-editor-base\"\n\t\t\t\n\t\t><h3 class=\"widget-title\">Avant<\/h3>\n<div class=\"siteorigin-widget-tinymce textwidget\">\n\t<p>Avant l\u2019utilisation d\u2019un syst\u00e8me MTS:<br \/>des d\u00e9g\u00e2ts dus \u00e0 l\u2019humidit\u00e9 sont clairement visibles sur les murs ext\u00e9rieurs de ce ch\u00e2teau.<\/p>\n<\/div>\n<\/div><\/div><\/div><div id=\"panel-845-8-0-1\" class=\"so-panel widget widget_media_image panel-last-child\" data-index=\"18\" ><img loading=\"lazy\" decoding=\"async\" width=\"700\" height=\"480\" src=\"https:\/\/www.mtsys.ch\/wp-content\/uploads\/2018\/03\/MTS_Referenzobjekt_7.jpg\" class=\"image wp-image-578  attachment-full size-full\" alt=\"Avant\" style=\"max-width: 100%; height: auto;\" srcset=\"https:\/\/www.mtsys.ch\/wp-content\/uploads\/2018\/03\/MTS_Referenzobjekt_7.jpg 700w, https:\/\/www.mtsys.ch\/wp-content\/uploads\/2018\/03\/MTS_Referenzobjekt_7-300x206.jpg 300w\" sizes=\"auto, (max-width: 700px) 85vw, 700px\" \/><\/div><\/div><div id=\"pgc-845-8-1\"  class=\"panel-grid-cell\" ><div id=\"panel-845-8-1-0\" class=\"so-panel widget widget_sow-editor panel-first-child\" data-index=\"19\" ><div class=\"panel-widget-style panel-widget-style-for-845-8-1-0\" ><div\n\t\t\t\n\t\t\tclass=\"so-widget-sow-editor so-widget-sow-editor-base\"\n\t\t\t\n\t\t><h3 class=\"widget-title\">Apr\u00e8s<\/h3>\n<div class=\"siteorigin-widget-tinymce textwidget\">\n\t<p>Apr\u00e8s utilisation du syst\u00e8me MTS:<br \/>l\u2019humidit\u00e9 des murs et les taches noires ont fortement r\u00e9gress\u00e9 au bout d\u2019environ deux ans.<\/p>\n<\/div>\n<\/div><\/div><\/div><div id=\"panel-845-8-1-1\" class=\"so-panel widget widget_media_image panel-last-child\" data-index=\"20\" ><img loading=\"lazy\" decoding=\"async\" width=\"700\" height=\"480\" src=\"https:\/\/www.mtsys.ch\/wp-content\/uploads\/2018\/03\/MTS_Referenzobjekt_8.jpg\" class=\"image wp-image-664  attachment-full size-full\" alt=\"Apr\u00e8s\" style=\"max-width: 100%; height: auto;\" srcset=\"https:\/\/www.mtsys.ch\/wp-content\/uploads\/2018\/03\/MTS_Referenzobjekt_8.jpg 700w, https:\/\/www.mtsys.ch\/wp-content\/uploads\/2018\/03\/MTS_Referenzobjekt_8-300x206.jpg 300w\" sizes=\"auto, (max-width: 700px) 85vw, 700px\" \/><\/div><\/div><\/div><\/div><\/div>","protected":false},"excerpt":{"rendered":"<p>Plusieurs milliers de syst\u00e8mes d\u2019ass\u00e8chement des murs MTS sont d\u00e9j\u00e0 utilis\u00e9s avec succ\u00e8s: du type MTS D10 au type MTS D70. Les utilisateurs de MTS, les architectes et les organismes de v\u00e9rification confirment l\u2019efficacit\u00e9 des syst\u00e8mes MTS. Propri\u00e9taires priv\u00e9s Architectes Agences immobili\u00e8res et entreprises de construction Communes et \u00e9coles Administrations des domaines Compagnies d\u2019assurances H\u00f4pitaux &hellip; <a href=\"https:\/\/www.mtsys.ch\/fr\/references\/\" class=\"more-link\">Continue reading<span class=\"screen-reader-text\"> \u00ab\u00a0R\u00e9f\u00e9rences\u00a0\u00bb<\/span><\/a><\/p>\n","protected":false},"author":1,"featured_media":2291,"parent":0,"menu_order":0,"comment_status":"closed","ping_status":"closed","template":"","meta":{"_acf_changed":false,"footnotes":""},"class_list":["post-845","page","type-page","status-publish","has-post-thumbnail","hentry"],"acf":[],"aioseo_notices":[],"_links":{"self":[{"href":"https:\/\/www.mtsys.ch\/fr\/wp-json\/wp\/v2\/pages\/845","targetHints":{"allow":["GET"]}}],"collection":[{"href":"https:\/\/www.mtsys.ch\/fr\/wp-json\/wp\/v2\/pages"}],"about":[{"href":"https:\/\/www.mtsys.ch\/fr\/wp-json\/wp\/v2\/types\/page"}],"author":[{"embeddable":true,"href":"https:\/\/www.mtsys.ch\/fr\/wp-json\/wp\/v2\/users\/1"}],"replies":[{"embeddable":true,"href":"https:\/\/www.mtsys.ch\/fr\/wp-json\/wp\/v2\/comments?post=845"}],"version-history":[{"count":38,"href":"https:\/\/www.mtsys.ch\/fr\/wp-json\/wp\/v2\/pages\/845\/revisions"}],"predecessor-version":[{"id":2453,"href":"https:\/\/www.mtsys.ch\/fr\/wp-json\/wp\/v2\/pages\/845\/revisions\/2453"}],"wp:featuredmedia":[{"embeddable":true,"href":"https:\/\/www.mtsys.ch\/fr\/wp-json\/wp\/v2\/media\/2291"}],"wp:attachment":[{"href":"https:\/\/www.mtsys.ch\/fr\/wp-json\/wp\/v2\/media?parent=845"}],"curies":[{"name":"wp","href":"https:\/\/api.w.org\/{rel}","templated":true}]}}