{"id":841,"date":"2018-03-13T17:15:43","date_gmt":"2018-03-13T16:15:43","guid":{"rendered":"http:\/\/www.templatestore-kunden.ch\/mtsys\/?page_id=841"},"modified":"2018-05-08T09:05:05","modified_gmt":"2018-05-08T07:05:05","slug":"assechement","status":"publish","type":"page","link":"https:\/\/www.mtsys.ch\/fr\/produits-fonctions\/assechement\/","title":{"rendered":"Ass\u00e8chement"},"content":{"rendered":"<div id=\"pl-841\"  class=\"panel-layout\" ><div id=\"pg-841-0\"  class=\"panel-grid panel-no-style\" ><div id=\"pgc-841-0-0\"  class=\"panel-grid-cell\" ><div id=\"panel-841-0-0-0\" class=\"so-panel widget widget_sow-editor panel-first-child\" data-index=\"0\" ><div class=\"intro panel-widget-style panel-widget-style-for-841-0-0-0\" ><div\n\t\t\t\n\t\t\tclass=\"so-widget-sow-editor so-widget-sow-editor-base\"\n\t\t\t\n\t\t><h3 class=\"widget-title\">Parois s\u00e8ches en peu de temps<\/h3>\n<div class=\"siteorigin-widget-tinymce textwidget\">\n\t<\/div>\n<\/div><\/div><\/div><div id=\"panel-841-0-0-1\" class=\"so-panel widget widget_sow-editor panel-last-child\" data-index=\"1\" ><div class=\"intro panel-widget-style panel-widget-style-for-841-0-0-1\" ><div\n\t\t\t\n\t\t\tclass=\"so-widget-sow-editor so-widget-sow-editor-base\"\n\t\t\t\n\t\t>\n<div class=\"siteorigin-widget-tinymce textwidget\">\n\t<p>Ass\u00e8chement des murs MTS. Simple et fiable.<\/p>\n<\/div>\n<\/div><\/div><\/div><\/div><\/div><div id=\"pg-841-1\"  class=\"panel-grid panel-no-style\" ><div id=\"pgc-841-1-0\"  class=\"panel-grid-cell\" ><div id=\"panel-841-1-0-0\" class=\"so-panel widget widget_media_image panel-first-child panel-last-child\" data-index=\"2\" ><div class=\"full rounded panel-widget-style panel-widget-style-for-841-1-0-0\" ><img loading=\"lazy\" decoding=\"async\" width=\"1698\" height=\"1131\" src=\"https:\/\/www.mtsys.ch\/wp-content\/uploads\/2018\/04\/trocknungsbereich.jpg\" class=\"image wp-image-1615  attachment-full size-full\" alt=\"Ass\u00e8chement\" style=\"max-width: 100%; height: auto;\" srcset=\"https:\/\/www.mtsys.ch\/wp-content\/uploads\/2018\/04\/trocknungsbereich.jpg 1698w, https:\/\/www.mtsys.ch\/wp-content\/uploads\/2018\/04\/trocknungsbereich-300x200.jpg 300w, https:\/\/www.mtsys.ch\/wp-content\/uploads\/2018\/04\/trocknungsbereich-768x512.jpg 768w, https:\/\/www.mtsys.ch\/wp-content\/uploads\/2018\/04\/trocknungsbereich-1024x682.jpg 1024w, https:\/\/www.mtsys.ch\/wp-content\/uploads\/2018\/04\/trocknungsbereich-1200x799.jpg 1200w, https:\/\/www.mtsys.ch\/wp-content\/uploads\/2018\/04\/trocknungsbereich-272x182.jpg 272w\" sizes=\"auto, (max-width: 709px) 85vw, (max-width: 909px) 67vw, (max-width: 1362px) 62vw, 840px\" \/><\/div><\/div><\/div><div id=\"pgc-841-1-1\"  class=\"panel-grid-cell\" ><div id=\"panel-841-1-1-0\" class=\"so-panel widget widget_sow-editor panel-first-child panel-last-child\" data-index=\"3\" ><div\n\t\t\t\n\t\t\tclass=\"so-widget-sow-editor so-widget-sow-editor-base\"\n\t\t\t\n\t\t>\n<div class=\"siteorigin-widget-tinymce textwidget\">\n\t<p>L\u2019ass\u00e8chement prend le m\u00eame temps que la remont\u00e9e de l\u2019eau dans les capillaires.<\/p>\n<p>Le processus d\u00e9pend des propri\u00e9t\u00e9s du b\u00e2timent et de la ma\u00e7onnerie.<\/p>\n<p>Le b\u00e9ton s\u00e8che plus vite que le gr\u00e8s.<\/p>\n<\/div>\n<\/div><\/div><\/div><\/div><div id=\"pg-841-2\"  class=\"panel-grid panel-no-style\" ><div id=\"pgc-841-2-0\"  class=\"panel-grid-cell\" ><div id=\"panel-841-2-0-0\" class=\"so-panel widget widget_sow-editor panel-first-child panel-last-child\" data-index=\"4\" ><div class=\"heading-blue no-margin panel-widget-style panel-widget-style-for-841-2-0-0\" ><div\n\t\t\t\n\t\t\tclass=\"so-widget-sow-editor so-widget-sow-editor-base\"\n\t\t\t\n\t\t><h3 class=\"widget-title\">L\u2019ass\u00e8chement en trois \u00e9tapes<\/h3>\n<div class=\"siteorigin-widget-tinymce textwidget\">\n\t<div class=\"textwidget\">&nbsp;<\/div>\n<\/div>\n<\/div><\/div><\/div><\/div><\/div><div id=\"pg-841-3\"  class=\"panel-grid panel-has-style\" ><div class=\"verlauf panel-row-style panel-row-style-for-841-3\" ><div id=\"pgc-841-3-0\"  class=\"panel-grid-cell\" ><div id=\"panel-841-3-0-0\" class=\"so-panel widget widget_sow-editor panel-first-child panel-last-child\" data-index=\"5\" ><div class=\"panel-widget-style panel-widget-style-for-841-3-0-0\" ><div\n\t\t\t\n\t\t\tclass=\"so-widget-sow-editor so-widget-sow-editor-base\"\n\t\t\t\n\t\t><h3 class=\"widget-title\">1. D\u00e9but de l\u2019ass\u00e8chement<\/h3>\n<div class=\"siteorigin-widget-tinymce textwidget\">\n\t<div class=\"textwidget\">\n<p>Apr\u00e8s la mise en service du syst\u00e8me d'ass\u00e8chement MTS, le processus d\u2019ass\u00e8chement commence.<\/p>\n<\/div>\n<\/div>\n<\/div><\/div><\/div><\/div><div id=\"pgc-841-3-1\"  class=\"panel-grid-cell\" ><div id=\"panel-841-3-1-0\" class=\"so-panel widget widget_sow-editor panel-first-child panel-last-child\" data-index=\"6\" ><div class=\"panel-widget-style panel-widget-style-for-841-3-1-0\" ><div\n\t\t\t\n\t\t\tclass=\"so-widget-sow-editor so-widget-sow-editor-base\"\n\t\t\t\n\t\t><h3 class=\"widget-title\">2. Phase de r\u00e9duction<\/h3>\n<div class=\"siteorigin-widget-tinymce textwidget\">\n\t<div class=\"textwidget\">\n<p>L\u2019humidit\u00e9 du mur a d\u00e9j\u00e0 diminu\u00e9 de fa\u00e7on perceptible et mesurable. La d\u00e9sagr\u00e9able odeur de moisi et de pourriture a disparu. En g\u00e9n\u00e9ral, l\u2019assainissement peut alors d\u00e9buter.<\/p>\n<\/div>\n<\/div>\n<\/div><\/div><\/div><\/div><div id=\"pgc-841-3-2\"  class=\"panel-grid-cell\" ><div id=\"panel-841-3-2-0\" class=\"so-panel widget widget_sow-editor panel-first-child panel-last-child\" data-index=\"7\" ><div class=\"panel-widget-style panel-widget-style-for-841-3-2-0\" ><div\n\t\t\t\n\t\t\tclass=\"so-widget-sow-editor so-widget-sow-editor-base\"\n\t\t\t\n\t\t><h3 class=\"widget-title\">3. Phase finale<\/h3>\n<div class=\"siteorigin-widget-tinymce textwidget\">\n\t<div class=\"textwidget\">\n<p>L\u2019humidit\u00e9 des murs a consid\u00e9rablement diminu\u00e9 et se limite d\u00e9sormais \u00e0 une quantit\u00e9 r\u00e9siduelle naturelle. L\u2019ass\u00e8chement des murs est termin\u00e9 avec succ\u00e8s et durablement, tant que le syst\u00e8me MTS fonctionnera.<\/p>\n<\/div>\n<\/div>\n<\/div><\/div><\/div><\/div><\/div><\/div><\/div>","protected":false},"excerpt":{"rendered":"<p>Ass\u00e8chement des murs MTS. Simple et fiable. L\u2019ass\u00e8chement prend le m\u00eame temps que la remont\u00e9e de l\u2019eau dans les capillaires. Le processus d\u00e9pend des propri\u00e9t\u00e9s du b\u00e2timent et de la ma\u00e7onnerie. Le b\u00e9ton s\u00e8che plus vite que le gr\u00e8s.<\/p>\n","protected":false},"author":1,"featured_media":56,"parent":820,"menu_order":5,"comment_status":"closed","ping_status":"closed","template":"","meta":{"_acf_changed":false,"footnotes":""},"class_list":["post-841","page","type-page","status-publish","has-post-thumbnail","hentry"],"acf":[],"aioseo_notices":[],"_links":{"self":[{"href":"https:\/\/www.mtsys.ch\/fr\/wp-json\/wp\/v2\/pages\/841","targetHints":{"allow":["GET"]}}],"collection":[{"href":"https:\/\/www.mtsys.ch\/fr\/wp-json\/wp\/v2\/pages"}],"about":[{"href":"https:\/\/www.mtsys.ch\/fr\/wp-json\/wp\/v2\/types\/page"}],"author":[{"embeddable":true,"href":"https:\/\/www.mtsys.ch\/fr\/wp-json\/wp\/v2\/users\/1"}],"replies":[{"embeddable":true,"href":"https:\/\/www.mtsys.ch\/fr\/wp-json\/wp\/v2\/comments?post=841"}],"version-history":[{"count":29,"href":"https:\/\/www.mtsys.ch\/fr\/wp-json\/wp\/v2\/pages\/841\/revisions"}],"predecessor-version":[{"id":2164,"href":"https:\/\/www.mtsys.ch\/fr\/wp-json\/wp\/v2\/pages\/841\/revisions\/2164"}],"up":[{"embeddable":true,"href":"https:\/\/www.mtsys.ch\/fr\/wp-json\/wp\/v2\/pages\/820"}],"wp:featuredmedia":[{"embeddable":true,"href":"https:\/\/www.mtsys.ch\/fr\/wp-json\/wp\/v2\/media\/56"}],"wp:attachment":[{"href":"https:\/\/www.mtsys.ch\/fr\/wp-json\/wp\/v2\/media?parent=841"}],"curies":[{"name":"wp","href":"https:\/\/api.w.org\/{rel}","templated":true}]}}