{"id":837,"date":"2018-03-13T17:12:33","date_gmt":"2018-03-13T16:12:33","guid":{"rendered":"http:\/\/www.templatestore-kunden.ch\/mtsys\/?page_id=837"},"modified":"2018-05-08T09:03:28","modified_gmt":"2018-05-08T07:03:28","slug":"domaines-dapplication","status":"publish","type":"page","link":"https:\/\/www.mtsys.ch\/fr\/produits-fonctions\/domaines-dapplication\/","title":{"rendered":"Domaines d&rsquo;application"},"content":{"rendered":"<div id=\"pl-837\"  class=\"panel-layout\" ><div id=\"pg-837-0\"  class=\"panel-grid panel-no-style\" ><div id=\"pgc-837-0-0\"  class=\"panel-grid-cell\" ><div id=\"panel-837-0-0-0\" class=\"so-panel widget widget_sow-editor panel-first-child\" data-index=\"0\" ><div class=\"intro panel-widget-style panel-widget-style-for-837-0-0-0\" ><div\n\t\t\t\n\t\t\tclass=\"so-widget-sow-editor so-widget-sow-editor-base\"\n\t\t\t\n\t\t><h3 class=\"widget-title\">MTS convient aux b\u00e2timents de tous types et tailles<\/h3>\n<div class=\"siteorigin-widget-tinymce textwidget\">\n\t<\/div>\n<\/div><\/div><\/div><div id=\"panel-837-0-0-1\" class=\"so-panel widget widget_sow-editor panel-last-child\" data-index=\"1\" ><div class=\"intro panel-widget-style panel-widget-style-for-837-0-0-1\" ><div\n\t\t\t\n\t\t\tclass=\"so-widget-sow-editor so-widget-sow-editor-base\"\n\t\t\t\n\t\t>\n<div class=\"siteorigin-widget-tinymce textwidget\">\n\t<p>MTS peut \u00eatre utilis\u00e9 sur la brique, la pierre naturelle et le gr\u00e8s, les ma\u00e7onneries mixtes et en b\u00e9ton ainsi que sur le bois et autres mat\u00e9riaux naturels et composites.  <\/p>\n<\/div>\n<\/div><\/div><\/div><\/div><\/div><div id=\"pg-837-1\"  class=\"panel-grid panel-no-style\" ><div id=\"pgc-837-1-0\"  class=\"panel-grid-cell\" ><div id=\"panel-837-1-0-0\" class=\"so-panel widget widget_media_image panel-first-child panel-last-child\" data-index=\"2\" ><div class=\"rounded full panel-widget-style panel-widget-style-for-837-1-0-0\" ><img loading=\"lazy\" decoding=\"async\" width=\"851\" height=\"564\" src=\"https:\/\/www.mtsys.ch\/wp-content\/uploads\/2018\/04\/einsatzbereich.jpg\" class=\"image wp-image-1640  attachment-full size-full\" alt=\"Domaines d&#039;application\" style=\"max-width: 100%; height: auto;\" srcset=\"https:\/\/www.mtsys.ch\/wp-content\/uploads\/2018\/04\/einsatzbereich.jpg 851w, https:\/\/www.mtsys.ch\/wp-content\/uploads\/2018\/04\/einsatzbereich-300x199.jpg 300w, https:\/\/www.mtsys.ch\/wp-content\/uploads\/2018\/04\/einsatzbereich-768x509.jpg 768w\" sizes=\"auto, (max-width: 709px) 85vw, (max-width: 909px) 67vw, (max-width: 1362px) 62vw, 840px\" \/><\/div><\/div><\/div><div id=\"pgc-837-1-1\"  class=\"panel-grid-cell\" ><div id=\"panel-837-1-1-0\" class=\"so-panel widget widget_sow-editor panel-first-child panel-last-child\" data-index=\"3\" ><div class=\"rounded panel-widget-style panel-widget-style-for-837-1-1-0\" ><div\n\t\t\t\n\t\t\tclass=\"so-widget-sow-editor so-widget-sow-editor-base\"\n\t\t\t\n\t\t><h3 class=\"widget-title\">MTS vous d\u00e9barrasse de l\u2019humidit\u00e9 efficacement et durablement:<\/h3>\n<div class=\"siteorigin-widget-tinymce textwidget\">\n\t<ul>\n<li>Constructions anciennes et neuves maisons unifamiliales et immeubles de rapport<\/li>\n<li>Caves vo\u00fbt\u00e9es<\/li>\n<li>Appartements, maisons de vacances<\/li>\n<li>Monast\u00e8res, ch\u00e2teaux et mus\u00e9es<\/li>\n<li>Monuments historiques avec mat\u00e9riaux anciens<\/li>\n<li>Monuments class\u00e9s<\/li>\n<li>\u00c9glises et chapelles<\/li>\n<li>\u00c9coles et maisons communales<\/li>\n<li>H\u00f4pitaux<\/li>\n<li>H\u00f4tels et restaurants<\/li>\n<li>B\u00e2timents publics et industries<\/li>\n<li>Domaines difficilement accessibles pour cause de travaux<\/li>\n<li>etc.<\/li>\n<\/ul>\n<\/div>\n<\/div><\/div><\/div><\/div><\/div><\/div>","protected":false},"excerpt":{"rendered":"<p>MTS peut \u00eatre utilis\u00e9 sur la brique, la pierre naturelle et le gr\u00e8s, les ma\u00e7onneries mixtes et en b\u00e9ton ainsi que sur le bois et autres mat\u00e9riaux naturels et composites. Constructions anciennes et neuves maisons unifamiliales et immeubles de rapport Caves vo\u00fbt\u00e9es Appartements, maisons de vacances Monast\u00e8res, ch\u00e2teaux et mus\u00e9es Monuments historiques avec mat\u00e9riaux anciens &hellip; <a href=\"https:\/\/www.mtsys.ch\/fr\/produits-fonctions\/domaines-dapplication\/\" class=\"more-link\">Continue reading<span class=\"screen-reader-text\"> \u00ab\u00a0Domaines d&rsquo;application\u00a0\u00bb<\/span><\/a><\/p>\n","protected":false},"author":1,"featured_media":2291,"parent":820,"menu_order":4,"comment_status":"closed","ping_status":"closed","template":"","meta":{"_acf_changed":false,"footnotes":""},"class_list":["post-837","page","type-page","status-publish","has-post-thumbnail","hentry"],"acf":[],"aioseo_notices":[],"_links":{"self":[{"href":"https:\/\/www.mtsys.ch\/fr\/wp-json\/wp\/v2\/pages\/837","targetHints":{"allow":["GET"]}}],"collection":[{"href":"https:\/\/www.mtsys.ch\/fr\/wp-json\/wp\/v2\/pages"}],"about":[{"href":"https:\/\/www.mtsys.ch\/fr\/wp-json\/wp\/v2\/types\/page"}],"author":[{"embeddable":true,"href":"https:\/\/www.mtsys.ch\/fr\/wp-json\/wp\/v2\/users\/1"}],"replies":[{"embeddable":true,"href":"https:\/\/www.mtsys.ch\/fr\/wp-json\/wp\/v2\/comments?post=837"}],"version-history":[{"count":15,"href":"https:\/\/www.mtsys.ch\/fr\/wp-json\/wp\/v2\/pages\/837\/revisions"}],"predecessor-version":[{"id":2156,"href":"https:\/\/www.mtsys.ch\/fr\/wp-json\/wp\/v2\/pages\/837\/revisions\/2156"}],"up":[{"embeddable":true,"href":"https:\/\/www.mtsys.ch\/fr\/wp-json\/wp\/v2\/pages\/820"}],"wp:featuredmedia":[{"embeddable":true,"href":"https:\/\/www.mtsys.ch\/fr\/wp-json\/wp\/v2\/media\/2291"}],"wp:attachment":[{"href":"https:\/\/www.mtsys.ch\/fr\/wp-json\/wp\/v2\/media?parent=837"}],"curies":[{"name":"wp","href":"https:\/\/api.w.org\/{rel}","templated":true}]}}