{"id":829,"date":"2018-03-13T17:07:00","date_gmt":"2018-03-13T16:07:00","guid":{"rendered":"http:\/\/www.templatestore-kunden.ch\/mtsys\/?page_id=829"},"modified":"2018-05-08T08:59:15","modified_gmt":"2018-05-08T06:59:15","slug":"gamme-de-modeles","status":"publish","type":"page","link":"https:\/\/www.mtsys.ch\/fr\/produits-fonctions\/gamme-de-modeles\/","title":{"rendered":"Gamme de mod\u00e8les"},"content":{"rendered":"<div id=\"pl-829\"  class=\"panel-layout\" ><div id=\"pg-829-0\"  class=\"panel-grid panel-no-style\" ><div id=\"pgc-829-0-0\"  class=\"panel-grid-cell\" ><div id=\"panel-829-0-0-0\" class=\"so-panel widget widget_sow-editor panel-first-child panel-last-child\" data-index=\"0\" ><div class=\"intro panel-widget-style panel-widget-style-for-829-0-0-0\" ><div\n\t\t\t\n\t\t\tclass=\"so-widget-sow-editor so-widget-sow-editor-base\"\n\t\t\t\n\t\t><h3 class=\"widget-title\">Un syst\u00e8me \u2013 trois mod\u00e8les<\/h3>\n<div class=\"siteorigin-widget-tinymce textwidget\">\n\t\n<div class=\"textwidget\"><\/div>\n<\/div>\n<\/div><\/div><\/div><\/div><\/div><div id=\"pg-829-1\"  class=\"panel-grid panel-has-style\" ><div class=\"rounded full panel-row-style panel-row-style-for-829-1\" ><div id=\"pgc-829-1-0\"  class=\"panel-grid-cell\" ><div id=\"panel-829-1-0-0\" class=\"so-panel widget widget_media_image panel-first-child panel-last-child\" data-index=\"1\" ><div class=\"rounded full panel-widget-style panel-widget-style-for-829-1-0-0\" ><img loading=\"lazy\" decoding=\"async\" width=\"1440\" height=\"930\" src=\"https:\/\/www.mtsys.ch\/wp-content\/uploads\/2018\/04\/mauertrockner.jpg\" class=\"image wp-image-1584  attachment-full size-full\" alt=\"Syst\u00e8me d&#039;ass\u00e8chement des murs\" style=\"max-width: 100%; height: auto;\" srcset=\"https:\/\/www.mtsys.ch\/wp-content\/uploads\/2018\/04\/mauertrockner.jpg 1440w, https:\/\/www.mtsys.ch\/wp-content\/uploads\/2018\/04\/mauertrockner-300x194.jpg 300w, https:\/\/www.mtsys.ch\/wp-content\/uploads\/2018\/04\/mauertrockner-768x496.jpg 768w, https:\/\/www.mtsys.ch\/wp-content\/uploads\/2018\/04\/mauertrockner-1024x661.jpg 1024w, https:\/\/www.mtsys.ch\/wp-content\/uploads\/2018\/04\/mauertrockner-1200x775.jpg 1200w\" sizes=\"auto, (max-width: 709px) 85vw, (max-width: 909px) 67vw, (max-width: 1362px) 62vw, 840px\" \/><\/div><\/div><\/div><div id=\"pgc-829-1-1\"  class=\"panel-grid-cell\" ><div id=\"panel-829-1-1-0\" class=\"so-panel widget widget_sow-editor panel-first-child panel-last-child\" data-index=\"2\" ><div class=\"rounded panel-widget-style panel-widget-style-for-829-1-1-0\" ><div\n\t\t\t\n\t\t\tclass=\"so-widget-sow-editor so-widget-sow-editor-base\"\n\t\t\t\n\t\t><h3 class=\"widget-title\">1 syst\u00e8me \u2013 3 mod\u00e8les<\/h3>\n<div class=\"siteorigin-widget-tinymce textwidget\">\n\t<div class=\"textwidget\">\n<p class=\"bodytext\">Les syst\u00e8mes MTS sont d\u00e9clin\u00e9s en diff\u00e9rents mod\u00e8les\u00a0: fonctionnement sur secteur, batterie ou cellule photovolta\u00efque. Nous pouvons ainsi d\u00e9terminer l\u2019appareil adapt\u00e9 \u00e0 chaque b\u00e2timent.<\/p>\n<p class=\"bodytext\">Les diff\u00e9rents niveaux d\u2019efficacit\u00e9 des mod\u00e8les MTS assurent que toutes les tailles de b\u00e2timent peuvent \u00eatre couvertes. Chaque b\u00e2timent ne n\u00e9cessite qu\u2019un seul appareil. Pour les tr\u00e8s gros immeubles, il est aussi possible d\u2019utiliser plusieurs appareils.<\/p>\n<p><\/p>\n<p>&nbsp;<\/p>\n<\/div>\n<\/div>\n<\/div><\/div><\/div><\/div><\/div><\/div><div id=\"pg-829-2\"  class=\"panel-grid panel-no-style\" ><div id=\"pgc-829-2-0\"  class=\"panel-grid-cell\" ><div id=\"panel-829-2-0-0\" class=\"widget_text so-panel widget widget_custom_html panel-first-child panel-last-child\" data-index=\"3\" ><div class=\"textwidget custom-html-widget\"><table>\n\t<tbody><tr>\n\t<th style=\"width:20%;\">Type de syst\u00e8me<\/th>\n\t<th>Domaine d'efficacit\u00e9<\/th>\n\t<th>Application<\/th>\n\t<\/tr>\n\t<tr>\n\t\t<td style=\"padding: 20px 10px;\"><b>MTS D10<\/b><\/td>\n\t<td>Rayon d\u2019action   5 m\u00e8tres, diam\u00e8tre 10 m\u00e8tres<\/td>\n\t<td>Ponctuelle, une pi\u00e8ce<\/td>\n\t<\/tr>\n\t<tr>\n\t<td style=\"padding: 20px 10px;\"><b>MTS D30<\/b><\/td>\n\t<td>Rayon d\u2019action 15 m\u00e8tres, diam\u00e8tre 30 m\u00e8tres<\/td>\n\t<td>Maisons unifamiliales et immeubles de rapport<\/td>\n\t<\/tr>\n\t<tr>\n\t<td style=\"padding: 20px 10px;\"><b>MTS D70<\/b><\/td>\n\t<td>Rayon d\u2019action 35 m\u00e8tres, diam\u00e8tre 70 m\u00e8tres<\/td>\n\t<td>Gros b\u00e2timents, ch\u00e2teaux, \u00e9glises<\/td>\n\t<\/tr>\n<\/tbody><\/table><\/div><\/div><\/div><\/div><\/div>","protected":false},"excerpt":{"rendered":"<p>Les syst\u00e8mes MTS sont d\u00e9clin\u00e9s en diff\u00e9rents mod\u00e8les\u00a0: fonctionnement sur secteur, batterie ou cellule photovolta\u00efque. Nous pouvons ainsi d\u00e9terminer l\u2019appareil adapt\u00e9 \u00e0 chaque b\u00e2timent. Les diff\u00e9rents niveaux d\u2019efficacit\u00e9 des mod\u00e8les MTS assurent que toutes les tailles de b\u00e2timent peuvent \u00eatre couvertes. Chaque b\u00e2timent ne n\u00e9cessite qu\u2019un seul appareil. Pour les tr\u00e8s gros immeubles, il est &hellip; <a href=\"https:\/\/www.mtsys.ch\/fr\/produits-fonctions\/gamme-de-modeles\/\" class=\"more-link\">Continue reading<span class=\"screen-reader-text\"> \u00ab\u00a0Gamme de mod\u00e8les\u00a0\u00bb<\/span><\/a><\/p>\n","protected":false},"author":1,"featured_media":2291,"parent":820,"menu_order":2,"comment_status":"closed","ping_status":"closed","template":"","meta":{"_acf_changed":false,"footnotes":""},"class_list":["post-829","page","type-page","status-publish","has-post-thumbnail","hentry"],"acf":[],"aioseo_notices":[],"_links":{"self":[{"href":"https:\/\/www.mtsys.ch\/fr\/wp-json\/wp\/v2\/pages\/829","targetHints":{"allow":["GET"]}}],"collection":[{"href":"https:\/\/www.mtsys.ch\/fr\/wp-json\/wp\/v2\/pages"}],"about":[{"href":"https:\/\/www.mtsys.ch\/fr\/wp-json\/wp\/v2\/types\/page"}],"author":[{"embeddable":true,"href":"https:\/\/www.mtsys.ch\/fr\/wp-json\/wp\/v2\/users\/1"}],"replies":[{"embeddable":true,"href":"https:\/\/www.mtsys.ch\/fr\/wp-json\/wp\/v2\/comments?post=829"}],"version-history":[{"count":14,"href":"https:\/\/www.mtsys.ch\/fr\/wp-json\/wp\/v2\/pages\/829\/revisions"}],"predecessor-version":[{"id":2139,"href":"https:\/\/www.mtsys.ch\/fr\/wp-json\/wp\/v2\/pages\/829\/revisions\/2139"}],"up":[{"embeddable":true,"href":"https:\/\/www.mtsys.ch\/fr\/wp-json\/wp\/v2\/pages\/820"}],"wp:featuredmedia":[{"embeddable":true,"href":"https:\/\/www.mtsys.ch\/fr\/wp-json\/wp\/v2\/media\/2291"}],"wp:attachment":[{"href":"https:\/\/www.mtsys.ch\/fr\/wp-json\/wp\/v2\/media?parent=829"}],"curies":[{"name":"wp","href":"https:\/\/api.w.org\/{rel}","templated":true}]}}