{"id":824,"date":"2018-03-13T16:59:59","date_gmt":"2018-03-13T15:59:59","guid":{"rendered":"http:\/\/www.templatestore-kunden.ch\/mtsys\/?page_id=824"},"modified":"2018-05-08T08:48:33","modified_gmt":"2018-05-08T06:48:33","slug":"principe-de-fonctionnement","status":"publish","type":"page","link":"https:\/\/www.mtsys.ch\/fr\/produits-fonctions\/principe-de-fonctionnement\/","title":{"rendered":"Principe de fonctionnement"},"content":{"rendered":"<div id=\"pl-824\"  class=\"panel-layout\" ><div id=\"pg-824-0\"  class=\"panel-grid panel-no-style\" ><div id=\"pgc-824-0-0\"  class=\"panel-grid-cell\" ><div id=\"panel-824-0-0-0\" class=\"so-panel widget widget_sow-editor panel-first-child\" data-index=\"0\" ><div class=\"intro panel-widget-style panel-widget-style-for-824-0-0-0\" ><div\n\t\t\t\n\t\t\tclass=\"so-widget-sow-editor so-widget-sow-editor-base\"\n\t\t\t\n\t\t><h3 class=\"widget-title\">Murs ext\u00e9rieurs, caves, sols, murs de refend et escaliers durablement secs<\/h3>\n<div class=\"siteorigin-widget-tinymce textwidget\">\n\t<\/div>\n<\/div><\/div><\/div><div id=\"panel-824-0-0-1\" class=\"so-panel widget widget_sow-editor panel-last-child\" data-index=\"1\" ><div class=\"intro panel-widget-style panel-widget-style-for-824-0-0-1\" ><div\n\t\t\t\n\t\t\tclass=\"so-widget-sow-editor so-widget-sow-editor-base\"\n\t\t\t\n\t\t>\n<div class=\"siteorigin-widget-tinymce textwidget\">\n\t<div class=\"textwidget\">\n<p>Le processus de s\u00e9chage MTS emp\u00eache durablement et efficacement la remont\u00e9e de l\u2019humidit\u00e9 par capillarit\u00e9 dans les murs. 3 \u00e9tapes<\/p>\n<\/div>\n<\/div>\n<\/div><\/div><\/div><\/div><\/div><div id=\"pg-824-1\"  class=\"panel-grid panel-no-style\" ><div id=\"pgc-824-1-0\"  class=\"panel-grid-cell\" ><div id=\"panel-824-1-0-0\" class=\"widget_text so-panel widget widget_custom_html panel-first-child panel-last-child\" data-index=\"2\" ><div class=\"widget_text full panel-widget-style panel-widget-style-for-824-1-0-0\" ><div class=\"textwidget custom-html-widget\"><div class=\"container\">\n<img decoding=\"async\" class=\"image\" src=\"https:\/\/www.mtsys.ch\/wp-content\/uploads\/2018\/04\/ohne-mts-system.jpg\" alt=\"Sans MTS syst\u00e8me\">\n<div class=\"overlay\">\n<div class=\"text-wrapper\">\n<div class=\"title\">Sans MTS<\/div>\n<div class=\"text\">L\u2019humidit\u00e9 est transport\u00e9e du sol vers la ma\u00e7onnerie par les capillaires du mat\u00e9riau de construction, ce qui engendre des dommages dus \u00e0 l'humidit\u00e9.<\/div>\n<\/div>\n<\/div>\n<\/div><\/div><\/div><\/div><\/div><div id=\"pgc-824-1-1\"  class=\"panel-grid-cell\" ><div id=\"panel-824-1-1-0\" class=\"widget_text so-panel widget widget_custom_html panel-first-child panel-last-child\" data-index=\"3\" ><div class=\"widget_text full panel-widget-style panel-widget-style-for-824-1-1-0\" ><div class=\"textwidget custom-html-widget\"><div class=\"container\">\n<img decoding=\"async\" class=\"image\" src=\"https:\/\/www.mtsys.ch\/wp-content\/uploads\/2018\/04\/mit-mts-system.jpg\" alt=\"avec syst\u00e8me MTS\">\n<div class=\"overlay\">\n<div class=\"text-wrapper\">\n<div class=\"title\">Avec MTS<\/div>\n<div class=\"text\">MTS est install\u00e9 au centre du b\u00e2timent et commence directement le processus d\u2019ass\u00e8chement. MTS fonctionne au-del\u00e0 de la pi\u00e8ce et atteint ainsi tous les recoins du b\u00e2timent. Toutes les zones \u00e0 probl\u00e8me touch\u00e9es par l\u2019humidit\u00e9 par capillarit\u00e9 sont ass\u00e9ch\u00e9es avec MTS.<\/div>\n<\/div>\n<\/div>\n<\/div><\/div><\/div><\/div><\/div><\/div><div id=\"pg-824-2\"  class=\"panel-grid panel-has-style\" ><div class=\"rounded panel-row-style panel-row-style-for-824-2\" ><div id=\"pgc-824-2-0\"  class=\"panel-grid-cell\" ><div id=\"panel-824-2-0-0\" class=\"so-panel widget widget_sow-editor panel-first-child panel-last-child\" data-index=\"4\" ><div class=\"rounded panel-widget-style panel-widget-style-for-824-2-0-0\" ><div\n\t\t\t\n\t\t\tclass=\"so-widget-sow-editor so-widget-sow-editor-base\"\n\t\t\t\n\t\t><h3 class=\"widget-title\">MTS fonctionne selon un principe naturel<\/h3>\n<div class=\"siteorigin-widget-tinymce textwidget\">\n\t<div class=\"textwidget\">\n<p>Le syst\u00e8me d\u2019ass\u00e8chement des murs MTS fonctionne selon le principe \u00e9lectro physique de l\u2019inversion de polarit\u00e9 et repose sur une loi de la nature qui veut que les p\u00f4les identiques se repoussent. Avec la remont\u00e9e par capillarit\u00e9 des mol\u00e9cules d\u2019eau dans le mur, il se cr\u00e9e un champ \u00e9lectrique n\u00e9gatif dans la ma\u00e7onnerie \u00e0 cause de l\u2019\u00e9lectricit\u00e9 par frottement.<\/p>\n<p>Le syst\u00e8me MTS est \u00e9quip\u00e9 de l\u2019\u00e9lectronique de pointe et envoie de faibles impulsions radio \u00e0 basse fr\u00e9quence en longues ondes de moins d\u2019un milli\u00e8me (1\/1000 ) de watt. Il inverse le champ \u00e9lectromagn\u00e9tique et neutralise les mol\u00e9cules du mur pour ass\u00e9cher les murs humides.<\/p>\n<p>L'humidit\u00e9 repart dans le sol par la force gravitationnelle et permet ainsi de drainer la ma\u00e7onnerie humide.<\/p>\n<p>Tous les syst\u00e8mes MTS sont absolument silencieux, sans entretien et consomment tr\u00e8s peu de courant.<\/p>\n<\/div>\n<\/div>\n<\/div><\/div><\/div><\/div><\/div><\/div><\/div>","protected":false},"excerpt":{"rendered":"<p>Le processus de s\u00e9chage MTS emp\u00eache durablement et efficacement la remont\u00e9e de l\u2019humidit\u00e9 par capillarit\u00e9 dans les murs. 3 \u00e9tapes<\/p>\n","protected":false},"author":1,"featured_media":2291,"parent":820,"menu_order":1,"comment_status":"closed","ping_status":"closed","template":"","meta":{"_acf_changed":false,"footnotes":""},"class_list":["post-824","page","type-page","status-publish","has-post-thumbnail","hentry"],"acf":[],"aioseo_notices":[],"_links":{"self":[{"href":"https:\/\/www.mtsys.ch\/fr\/wp-json\/wp\/v2\/pages\/824","targetHints":{"allow":["GET"]}}],"collection":[{"href":"https:\/\/www.mtsys.ch\/fr\/wp-json\/wp\/v2\/pages"}],"about":[{"href":"https:\/\/www.mtsys.ch\/fr\/wp-json\/wp\/v2\/types\/page"}],"author":[{"embeddable":true,"href":"https:\/\/www.mtsys.ch\/fr\/wp-json\/wp\/v2\/users\/1"}],"replies":[{"embeddable":true,"href":"https:\/\/www.mtsys.ch\/fr\/wp-json\/wp\/v2\/comments?post=824"}],"version-history":[{"count":19,"href":"https:\/\/www.mtsys.ch\/fr\/wp-json\/wp\/v2\/pages\/824\/revisions"}],"predecessor-version":[{"id":2129,"href":"https:\/\/www.mtsys.ch\/fr\/wp-json\/wp\/v2\/pages\/824\/revisions\/2129"}],"up":[{"embeddable":true,"href":"https:\/\/www.mtsys.ch\/fr\/wp-json\/wp\/v2\/pages\/820"}],"wp:featuredmedia":[{"embeddable":true,"href":"https:\/\/www.mtsys.ch\/fr\/wp-json\/wp\/v2\/media\/2291"}],"wp:attachment":[{"href":"https:\/\/www.mtsys.ch\/fr\/wp-json\/wp\/v2\/media?parent=824"}],"curies":[{"name":"wp","href":"https:\/\/api.w.org\/{rel}","templated":true}]}}