{"id":820,"date":"2018-03-13T16:56:10","date_gmt":"2018-03-13T15:56:10","guid":{"rendered":"http:\/\/www.templatestore-kunden.ch\/mtsys\/?page_id=820"},"modified":"2018-05-08T08:35:53","modified_gmt":"2018-05-08T06:35:53","slug":"produits-fonctions","status":"publish","type":"page","link":"https:\/\/www.mtsys.ch\/fr\/produits-fonctions\/","title":{"rendered":"Produits &#038; Fonctions"},"content":{"rendered":"<div id=\"pl-820\"  class=\"panel-layout\" ><div id=\"pg-820-0\"  class=\"panel-grid panel-has-style\" ><div class=\"siteorigin-panels-stretch panel-row-style panel-row-style-for-820-0\" data-stretch-type=\"full-stretched\" ><div id=\"pgc-820-0-0\"  class=\"panel-grid-cell\" ><div id=\"panel-820-0-0-0\" class=\"widget_text so-panel widget widget_custom_html panel-first-child panel-last-child\" data-index=\"0\" ><div class=\"textwidget custom-html-widget\"><div class=\"responsive-video\">\n\t<iframe loading=\"lazy\" width=\"1920\" height=\"1080\" src=\"https:\/\/www.youtube.com\/embed\/i85YBRWmF5g?rel=0\" frameborder=\"0\" allow=\"autoplay; encrypted-media\" allowfullscreen><\/iframe>\n<\/div><\/div><\/div><\/div><\/div><\/div><div id=\"pg-820-1\"  class=\"panel-grid panel-no-style\" ><div id=\"pgc-820-1-0\"  class=\"panel-grid-cell\" ><div id=\"panel-820-1-0-0\" class=\"so-panel widget widget_media_image panel-first-child panel-last-child\" data-index=\"1\" ><div class=\"rounded full panel-widget-style panel-widget-style-for-820-1-0-0\" ><img loading=\"lazy\" decoding=\"async\" width=\"1440\" height=\"930\" src=\"https:\/\/www.mtsys.ch\/wp-content\/uploads\/2018\/04\/mauertrockner.jpg\" class=\"image wp-image-1584  attachment-full size-full\" alt=\"Syst\u00e8me d&#039;ass\u00e8chement des murs\" style=\"max-width: 100%; height: auto;\" srcset=\"https:\/\/www.mtsys.ch\/wp-content\/uploads\/2018\/04\/mauertrockner.jpg 1440w, https:\/\/www.mtsys.ch\/wp-content\/uploads\/2018\/04\/mauertrockner-300x194.jpg 300w, https:\/\/www.mtsys.ch\/wp-content\/uploads\/2018\/04\/mauertrockner-768x496.jpg 768w, https:\/\/www.mtsys.ch\/wp-content\/uploads\/2018\/04\/mauertrockner-1024x661.jpg 1024w, https:\/\/www.mtsys.ch\/wp-content\/uploads\/2018\/04\/mauertrockner-1200x775.jpg 1200w\" sizes=\"auto, (max-width: 709px) 85vw, (max-width: 909px) 67vw, (max-width: 1362px) 62vw, 840px\" \/><\/div><\/div><\/div><div id=\"pgc-820-1-1\"  class=\"panel-grid-cell\" ><div id=\"panel-820-1-1-0\" class=\"so-panel widget widget_sow-editor panel-first-child panel-last-child\" data-index=\"2\" ><div class=\"rounded check panel-widget-style panel-widget-style-for-820-1-1-0\" ><div\n\t\t\t\n\t\t\tclass=\"so-widget-sow-editor so-widget-sow-editor-base\"\n\t\t\t\n\t\t><h3 class=\"widget-title\">Le syst\u00e8me d\u2019ass\u00e8chement des murs MTS combat la cause, pas les sympt\u00f4mes<\/h3>\n<div class=\"siteorigin-widget-tinymce textwidget\">\n\t<ul style=\"margin-left:0\">\n<li>MTS \u2013 r\u00e9duit les co\u00fbts d\u2019assainissement<\/li>\n<li>MTS \u2013 diminue les frais de chauffage<\/li>\n<li>MTS \u2013 am\u00e9liore la qualit\u00e9 du logement<\/li>\n<li>MTS \u2013 conserve la valeur du b\u00e2timent<\/li>\n<li>MTS \u2013 prot\u00e8ge les biens culturels pr\u00e9cieux<\/li>\n<li>MTS \u2013 s\u2019utilise ind\u00e9pendamment du mat\u00e9riau de construction<\/li>\n<li>MTS \u2013 sans frais d\u2019entretien<\/li>\n<li>MTS \u2013 tr\u00e8s faible consommation \u00e9nerg\u00e9tique<\/li>\n<\/ul>\n<\/div>\n<\/div><\/div><\/div><\/div><\/div><div id=\"pg-820-2\"  class=\"panel-grid panel-has-style\" ><div class=\"panel-row-style panel-row-style-for-820-2\" ><div id=\"pgc-820-2-0\"  class=\"panel-grid-cell\" ><div id=\"panel-820-2-0-0\" class=\"so-panel widget widget_sow-editor panel-first-child panel-last-child\" data-index=\"3\" ><div class=\"centered rounded smaller-h panel-widget-style panel-widget-style-for-820-2-0-0\" ><div\n\t\t\t\n\t\t\tclass=\"so-widget-sow-editor so-widget-sow-editor-base\"\n\t\t\t\n\t\t><h3 class=\"widget-title\">Principe de fonctionnement<\/h3>\n<div class=\"siteorigin-widget-tinymce textwidget\">\n\t<p style=\"margin-bottom: 50px;\">MTS fonctionne selon un principe naturel<\/p>\n<p><a class=\"btn-dark\" href=\"https:\/\/www.mtsys.ch\/fr\/produits-fonctions\/principe-de-fonctionnement\/\">En savoir plus<\/a><\/p>\n<\/div>\n<\/div><\/div><\/div><\/div><div id=\"pgc-820-2-1\"  class=\"panel-grid-cell\" ><div id=\"panel-820-2-1-0\" class=\"so-panel widget widget_sow-editor panel-first-child panel-last-child\" data-index=\"4\" ><div class=\"centered rounded smaller-h panel-widget-style panel-widget-style-for-820-2-1-0\" ><div\n\t\t\t\n\t\t\tclass=\"so-widget-sow-editor so-widget-sow-editor-base\"\n\t\t\t\n\t\t><h3 class=\"widget-title\">Gamme de mod\u00e8les<\/h3>\n<div class=\"siteorigin-widget-tinymce textwidget\">\n\t<p style=\"margin-bottom: 50px;\">Un syst\u00e8me - trois mod\u00e8les<\/p>\n<p><a class=\"btn-dark\" href=\"https:\/\/www.mtsys.ch\/fr\/produits-fonctions\/gamme-de-modeles\/\">En savoir plus<\/a><\/p>\n<\/div>\n<\/div><\/div><\/div><\/div><div id=\"pgc-820-2-2\"  class=\"panel-grid-cell\" ><div id=\"panel-820-2-2-0\" class=\"so-panel widget widget_sow-editor panel-first-child panel-last-child\" data-index=\"5\" ><div class=\"centered rounded smaller-h panel-widget-style panel-widget-style-for-820-2-2-0\" ><div\n\t\t\t\n\t\t\tclass=\"so-widget-sow-editor so-widget-sow-editor-base\"\n\t\t\t\n\t\t><h3 class=\"widget-title\">Caract\u00e9ristiques techniques<\/h3>\n<div class=\"siteorigin-widget-tinymce textwidget\">\n\t<div class=\"textwidget\">\n<p>Sans aucun danger pour personnes, animaux et environnement<\/p>\n<p><a class=\"btn-dark\" href=\"https:\/\/www.mtsys.ch\/fr\/produits-fonctions\/caracteristiques-techniques\/\">En savoir plus<\/a><\/p>\n<\/div>\n<\/div>\n<\/div><\/div><\/div><\/div><div id=\"pgc-820-2-3\"  class=\"panel-grid-cell\" ><div id=\"panel-820-2-3-0\" class=\"so-panel widget widget_sow-editor panel-first-child panel-last-child\" data-index=\"6\" ><div class=\"centered rounded smaller-h panel-widget-style panel-widget-style-for-820-2-3-0\" ><div\n\t\t\t\n\t\t\tclass=\"so-widget-sow-editor so-widget-sow-editor-base\"\n\t\t\t\n\t\t><h3 class=\"widget-title\">Domaines d'application<\/h3>\n<div class=\"siteorigin-widget-tinymce textwidget\">\n\t<div class=\"textwidget\">\n<p>MTS convient aux b\u00e2timents de tous types et tailles<\/p>\n<p><a class=\"btn-dark\" href=\"https:\/\/www.mtsys.ch\/fr\/produits-fonctions\/domaines-dapplication\/\">En savoir plus<\/a><\/p>\n<\/div>\n<\/div>\n<\/div><\/div><\/div><\/div><div id=\"pgc-820-2-4\"  class=\"panel-grid-cell\" ><div id=\"panel-820-2-4-0\" class=\"so-panel widget widget_sow-editor panel-first-child panel-last-child\" data-index=\"7\" ><div class=\"centered rounded smaller-h panel-widget-style panel-widget-style-for-820-2-4-0\" ><div\n\t\t\t\n\t\t\tclass=\"so-widget-sow-editor so-widget-sow-editor-base\"\n\t\t\t\n\t\t><h3 class=\"widget-title\">Ass\u00e8chement<\/h3>\n<div class=\"siteorigin-widget-tinymce textwidget\">\n\t<div class=\"textwidget\">\n<p>L\u2019ass\u00e8chement de MTS se d\u00e9roule en seulement trois \u00e9tapes<\/p>\n<p><a class=\"btn-dark\" href=\"https:\/\/www.mtsys.ch\/fr\/produits-fonctions\/assechement\/\">En savoir plus<\/a><\/p>\n<\/div>\n<\/div>\n<\/div><\/div><\/div><\/div><\/div><\/div><\/div>","protected":false},"excerpt":{"rendered":"<p>MTS \u2013 r\u00e9duit les co\u00fbts d\u2019assainissement MTS \u2013 diminue les frais de chauffage MTS \u2013 am\u00e9liore la qualit\u00e9 du logement MTS \u2013 conserve la valeur du b\u00e2timent MTS \u2013 prot\u00e8ge les biens culturels pr\u00e9cieux MTS \u2013 s\u2019utilise ind\u00e9pendamment du mat\u00e9riau de construction MTS \u2013 sans frais d\u2019entretien MTS \u2013 tr\u00e8s faible consommation \u00e9nerg\u00e9tique<\/p>\n","protected":false},"author":1,"featured_media":0,"parent":0,"menu_order":0,"comment_status":"closed","ping_status":"closed","template":"page_margin.php","meta":{"_acf_changed":false,"footnotes":""},"class_list":["post-820","page","type-page","status-publish","hentry"],"acf":[],"aioseo_notices":[],"_links":{"self":[{"href":"https:\/\/www.mtsys.ch\/fr\/wp-json\/wp\/v2\/pages\/820","targetHints":{"allow":["GET"]}}],"collection":[{"href":"https:\/\/www.mtsys.ch\/fr\/wp-json\/wp\/v2\/pages"}],"about":[{"href":"https:\/\/www.mtsys.ch\/fr\/wp-json\/wp\/v2\/types\/page"}],"author":[{"embeddable":true,"href":"https:\/\/www.mtsys.ch\/fr\/wp-json\/wp\/v2\/users\/1"}],"replies":[{"embeddable":true,"href":"https:\/\/www.mtsys.ch\/fr\/wp-json\/wp\/v2\/comments?post=820"}],"version-history":[{"count":46,"href":"https:\/\/www.mtsys.ch\/fr\/wp-json\/wp\/v2\/pages\/820\/revisions"}],"predecessor-version":[{"id":2095,"href":"https:\/\/www.mtsys.ch\/fr\/wp-json\/wp\/v2\/pages\/820\/revisions\/2095"}],"wp:attachment":[{"href":"https:\/\/www.mtsys.ch\/fr\/wp-json\/wp\/v2\/media?parent=820"}],"curies":[{"name":"wp","href":"https:\/\/api.w.org\/{rel}","templated":true}]}}