{"id":806,"date":"2018-03-13T16:36:34","date_gmt":"2018-03-13T15:36:34","guid":{"rendered":"http:\/\/www.templatestore-kunden.ch\/mtsys\/?page_id=806"},"modified":"2018-05-17T10:07:41","modified_gmt":"2018-05-17T08:07:41","slug":"offre","status":"publish","type":"page","link":"https:\/\/www.mtsys.ch\/fr\/offre\/","title":{"rendered":"Offre"},"content":{"rendered":"<div id=\"pl-806\"  class=\"panel-layout\" ><div id=\"pg-806-0\"  class=\"panel-grid panel-no-style\" ><div id=\"pgc-806-0-0\"  class=\"panel-grid-cell\" ><div id=\"panel-806-0-0-0\" class=\"so-panel widget widget_sow-editor panel-first-child panel-last-child\" data-index=\"0\" ><div class=\"intro panel-widget-style panel-widget-style-for-806-0-0-0\" ><div\n\t\t\t\n\t\t\tclass=\"so-widget-sow-editor so-widget-sow-editor-base\"\n\t\t\t\n\t\t><h3 class=\"widget-title\">Que pouvons-nous faire pour vous?<\/h3>\n<div class=\"siteorigin-widget-tinymce textwidget\">\n\t<div class=\"textwidget\">\n<p>Nous nous r\u00e9jouissons de recevoir vos commentaires ou sommes \u00e0 votre disposition pour toute question ou demande.<\/p>\n<\/div>\n<\/div>\n<\/div><\/div><\/div><\/div><\/div><div id=\"pg-806-1\"  class=\"panel-grid panel-no-style\" ><div id=\"pgc-806-1-0\"  class=\"panel-grid-cell\" ><div id=\"panel-806-1-0-0\" class=\"so-panel widget widget_wpforms-widget wpforms-widget panel-first-child panel-last-child\" data-index=\"1\" ><div class=\"wpforms-container wpforms-container-full\" id=\"wpforms-882\"><form id=\"wpforms-form-882\" class=\"wpforms-validate wpforms-form\" data-formid=\"882\" method=\"post\" enctype=\"multipart\/form-data\" action=\"\/fr\/wp-json\/wp\/v2\/pages\/806\" data-token=\"a99f0e34d18f8cd2a4a48b4d6300fe35\" data-token-time=\"1776619723\"><noscript class=\"wpforms-error-noscript\">Veuillez activer JavaScript dans votre navigateur pour remplir ce formulaire.<\/noscript><div class=\"wpforms-field-container\"><div id=\"wpforms-882-field_3-container\" class=\"wpforms-field wpforms-field-select\" data-field-id=\"3\"><label class=\"wpforms-field-label wpforms-label-hide\" for=\"wpforms-882-field_3\">Type de contact<\/label><select id=\"wpforms-882-field_3\" class=\"wpforms-field-medium\" name=\"wpforms[fields][3]\"><option value=\"\" class=\"placeholder\" disabled  selected='selected'>Type de contact (veuillez s\u00e9lectionner)<\/option><option value=\"Veuillez m\u2019appeler\"  class=\"choice-1 depth-1\"  >Veuillez m\u2019appeler<\/option><option value=\"J\u2019aimerais recevoir votre documentation\"  class=\"choice-2 depth-1\"  >J\u2019aimerais recevoir votre documentation<\/option><option value=\"Je souhaite une visite de mon immeuble\"  class=\"choice-3 depth-1\"  >Je souhaite une visite de mon immeuble<\/option><option value=\"J\u2019aimerais devenir partenaire commercial\"  class=\"choice-4 depth-1\"  >J\u2019aimerais devenir partenaire commercial<\/option><\/select><\/div><div id=\"wpforms-882-field_10-container\" class=\"wpforms-field wpforms-field-text\" data-field-id=\"10\"><label class=\"wpforms-field-label\" for=\"wpforms-882-field_10\">Immeuble<\/label><input type=\"text\" id=\"wpforms-882-field_10\" class=\"wpforms-field-medium\" name=\"wpforms[fields][10]\" placeholder=\"Si s\u00e9lection de la visite de l\u2019immeuble\" ><\/div><div id=\"wpforms-882-field_8-container\" class=\"wpforms-field wpforms-field-text\" data-field-id=\"8\"><label class=\"wpforms-field-label\" for=\"wpforms-882-field_8\">Lieu<\/label><input type=\"text\" id=\"wpforms-882-field_8\" class=\"wpforms-field-medium\" name=\"wpforms[fields][8]\" placeholder=\"Si s\u00e9lection de la visite de l\u2019immeuble\" ><\/div><div id=\"wpforms-882-field_15-container\" class=\"wpforms-field wpforms-field-checkbox\" data-field-id=\"15\"><label class=\"wpforms-field-label\">Mon probl\u00e8me<\/label><ul id=\"wpforms-882-field_15\"><li class=\"choice-1 depth-1\"><input type=\"checkbox\" id=\"wpforms-882-field_15_1\" name=\"wpforms[fields][15][]\" value=\"Murs humides\"  ><label class=\"wpforms-field-label-inline\" for=\"wpforms-882-field_15_1\">Murs humides<\/label><\/li><li class=\"choice-2 depth-1\"><input type=\"checkbox\" id=\"wpforms-882-field_15_2\" name=\"wpforms[fields][15][]\" value=\"Taches noires\"  ><label class=\"wpforms-field-label-inline\" for=\"wpforms-882-field_15_2\">Taches noires<\/label><\/li><li class=\"choice-6 depth-1\"><input type=\"checkbox\" id=\"wpforms-882-field_15_6\" name=\"wpforms[fields][15][]\" value=\"Odeur de pourriture\"  ><label class=\"wpforms-field-label-inline\" for=\"wpforms-882-field_15_6\">Odeur de pourriture<\/label><\/li><li class=\"choice-3 depth-1\"><input type=\"checkbox\" id=\"wpforms-882-field_15_3\" name=\"wpforms[fields][15][]\" value=\"Moisissures \/ champignons\"  ><label class=\"wpforms-field-label-inline\" for=\"wpforms-882-field_15_3\">Moisissures \/ champignons<\/label><\/li><li class=\"choice-5 depth-1\"><input type=\"checkbox\" id=\"wpforms-882-field_15_5\" name=\"wpforms[fields][15][]\" value=\"D\u00e9g\u00e2ts au cr\u00e9pissage \/ grisonnement\"  ><label class=\"wpforms-field-label-inline\" for=\"wpforms-882-field_15_5\">D\u00e9g\u00e2ts au cr\u00e9pissage \/ grisonnement<\/label><\/li><li class=\"choice-4 depth-1\"><input type=\"checkbox\" id=\"wpforms-882-field_15_4\" name=\"wpforms[fields][15][]\" value=\"Autres\"  ><label class=\"wpforms-field-label-inline\" for=\"wpforms-882-field_15_4\">Autres<\/label><\/li><\/ul><\/div><div id=\"wpforms-882-field_6-container\" class=\"wpforms-field wpforms-field-select\" data-field-id=\"6\"><label class=\"wpforms-field-label wpforms-label-hide\" for=\"wpforms-882-field_6\">Titre<\/label><select id=\"wpforms-882-field_6\" class=\"wpforms-field-medium\" name=\"wpforms[fields][6]\"><option value=\"\" class=\"placeholder\" disabled  selected='selected'>Titre<\/option><option value=\"Soci\u00e9t\u00e9\"  class=\"choice-1 depth-1\"  >Soci\u00e9t\u00e9<\/option><option value=\"Monsieur\"  class=\"choice-2 depth-1\"  >Monsieur<\/option><option value=\"Madame\"  class=\"choice-3 depth-1\"  >Madame<\/option><\/select><\/div><div id=\"wpforms-882-field_16-container\" class=\"wpforms-field wpforms-field-text\" data-field-id=\"16\"><label class=\"wpforms-field-label wpforms-label-hide\" for=\"wpforms-882-field_16\">Raison sociale<\/label><input type=\"text\" id=\"wpforms-882-field_16\" class=\"wpforms-field-medium\" name=\"wpforms[fields][16]\" placeholder=\"Raison sociale\" ><\/div><div id=\"wpforms-882-field_0-container\" class=\"wpforms-field wpforms-field-name\" data-field-id=\"0\"><label class=\"wpforms-field-label wpforms-label-hide\" for=\"wpforms-882-field_0\">Nom <span class=\"wpforms-required-label\">*<\/span><\/label><div class=\"wpforms-field-row wpforms-field-medium\"><div class=\"wpforms-field-row-block wpforms-first wpforms-one-half\"><input type=\"text\" id=\"wpforms-882-field_0\" class=\"wpforms-field-name-first wpforms-field-required\" name=\"wpforms[fields][0][first]\" placeholder=\"Pr\u00e9nom *\" required><label for=\"wpforms-882-field_0\" class=\"wpforms-field-sublabel after wpforms-sublabel-hide\">Pr\u00e9nom<\/label><\/div><div class=\"wpforms-field-row-block wpforms-one-half\"><input type=\"text\" id=\"wpforms-882-field_0-last\" class=\"wpforms-field-name-last wpforms-field-required\" name=\"wpforms[fields][0][last]\" placeholder=\"Nom *\" required><label for=\"wpforms-882-field_0-last\" class=\"wpforms-field-sublabel after wpforms-sublabel-hide\">Nom<\/label><\/div><\/div><\/div><div id=\"wpforms-882-field_9-container\" class=\"wpforms-field wpforms-field-text\" data-field-id=\"9\"><label class=\"wpforms-field-label wpforms-label-hide\" for=\"wpforms-882-field_9\">Adresse <span class=\"wpforms-required-label\">*<\/span><\/label><input type=\"text\" id=\"wpforms-882-field_9\" class=\"wpforms-field-medium wpforms-field-required\" name=\"wpforms[fields][9]\" placeholder=\"Adresse *\" required><\/div><div id=\"wpforms-882-field_11-container\" class=\"wpforms-field wpforms-field-text\" data-field-id=\"11\"><label class=\"wpforms-field-label wpforms-label-hide\" for=\"wpforms-882-field_11\">CP \/ Localit\u00e9 <span class=\"wpforms-required-label\">*<\/span><\/label><input type=\"text\" id=\"wpforms-882-field_11\" class=\"wpforms-field-medium wpforms-field-required\" name=\"wpforms[fields][11]\" placeholder=\"CP \/ Localit\u00e9 *\" required><\/div><div id=\"wpforms-882-field_13-container\" class=\"wpforms-field wpforms-field-text\" data-field-id=\"13\"><label class=\"wpforms-field-label wpforms-label-hide\" for=\"wpforms-882-field_13\">Pays <span class=\"wpforms-required-label\">*<\/span><\/label><input type=\"text\" id=\"wpforms-882-field_13\" class=\"wpforms-field-medium wpforms-field-required\" name=\"wpforms[fields][13]\" placeholder=\"Pays *\" required><\/div><div id=\"wpforms-882-field_14-container\" class=\"wpforms-field wpforms-field-text\" data-field-id=\"14\"><label class=\"wpforms-field-label wpforms-label-hide\" for=\"wpforms-882-field_14\">T\u00e9l\u00e9phone<\/label><input type=\"text\" id=\"wpforms-882-field_14\" class=\"wpforms-field-medium\" name=\"wpforms[fields][14]\" placeholder=\"T\u00e9l\u00e9phone\" ><\/div><div id=\"wpforms-882-field_1-container\" class=\"wpforms-field wpforms-field-email\" data-field-id=\"1\"><label class=\"wpforms-field-label wpforms-label-hide\" for=\"wpforms-882-field_1\">E-mail <span class=\"wpforms-required-label\">*<\/span><\/label><input type=\"email\" id=\"wpforms-882-field_1\" class=\"wpforms-field-medium wpforms-field-required\" name=\"wpforms[fields][1]\" placeholder=\"E-mail *\" spellcheck=\"false\" required><\/div><div id=\"wpforms-882-field_2-container\" class=\"wpforms-field wpforms-field-textarea\" data-field-id=\"2\"><label class=\"wpforms-field-label wpforms-label-hide\" for=\"wpforms-882-field_2\">Votre message <span class=\"wpforms-required-label\">*<\/span><\/label><textarea id=\"wpforms-882-field_2\" class=\"wpforms-field-medium wpforms-field-required\" name=\"wpforms[fields][2]\" placeholder=\"Votre message\" required><\/textarea><\/div><div id=\"wpforms-882-field_17-container\" class=\"wpforms-field wpforms-field-checkbox\" data-field-id=\"17\"><label class=\"wpforms-field-label wpforms-label-hide\">Protection des donn\u00e9es <span class=\"wpforms-required-label\">*<\/span><\/label><ul id=\"wpforms-882-field_17\" class=\"wpforms-field-required\"><li class=\"choice-1 depth-1\"><input type=\"checkbox\" id=\"wpforms-882-field_17_1\" name=\"wpforms[fields][17][]\" value=\"J&#039;ai pris connaissance des &lt;a href=&quot;https:\/\/www.mtsys.ch\/fr\/protection-des-donnees\/&quot; target=&quot;_blank&quot;&gt;dispositions relatives \u00e0 la protection des donn\u00e9es&lt;\/a&gt;.\" required ><label class=\"wpforms-field-label-inline\" for=\"wpforms-882-field_17_1\">J'ai pris connaissance des <a href=\"https:\/\/www.mtsys.ch\/fr\/protection-des-donnees\/\" target=\"_blank\">dispositions relatives \u00e0 la protection des donn\u00e9es<\/a>.<\/label><\/li><\/ul><\/div><\/div><!-- .wpforms-field-container --><div class=\"wpforms-field wpforms-field-hp\"><label for=\"wpforms-882-field-hp\" class=\"wpforms-field-label\">Email<\/label><input type=\"text\" name=\"wpforms[hp]\" id=\"wpforms-882-field-hp\" class=\"wpforms-field-medium\"><\/div><div class=\"wpforms-submit-container\" ><input type=\"hidden\" name=\"wpforms[id]\" value=\"882\"><input type=\"hidden\" name=\"page_title\" value=\"\"><input type=\"hidden\" name=\"page_url\" value=\"https:\/\/www.mtsys.ch\/fr\/wp-json\/wp\/v2\/pages\/806\"><input type=\"hidden\" name=\"url_referer\" value=\"\"><button type=\"submit\" name=\"wpforms[submit]\" id=\"wpforms-submit-882\" class=\"wpforms-submit\" data-alt-text=\"Envoi...\" data-submit-text=\"Envoyer le formulaire\" aria-live=\"assertive\" value=\"wpforms-submit\">Envoyer le formulaire<\/button><\/div><\/form><\/div>  <!-- .wpforms-container --><\/div><\/div><div id=\"pgc-806-1-1\"  class=\"panel-grid-cell\" ><div id=\"panel-806-1-1-0\" class=\"so-panel widget widget_sow-editor panel-first-child panel-last-child\" data-index=\"2\" ><div class=\"rounded bright panel-widget-style panel-widget-style-for-806-1-1-0\" ><div\n\t\t\t\n\t\t\tclass=\"so-widget-sow-editor so-widget-sow-editor-base\"\n\t\t\t\n\t\t><h3 class=\"widget-title\">MTS Syst\u00e8me d\u2019ass\u00e8chement des murs<\/h3>\n<div class=\"siteorigin-widget-tinymce textwidget\">\n\t<p style=\"margin-bottom: 0;\"><img loading=\"lazy\" decoding=\"async\" class=\"alignright wp-image-316\" style=\"width: 128px; height: 128px;\" src=\"https:\/\/www.mtsys.ch\/wp-content\/uploads\/2018\/03\/mts-icon-300x300-tranparent.png\" alt=\"MTSys GmbH\" width=\"128\" height=\"128\" srcset=\"https:\/\/www.mtsys.ch\/wp-content\/uploads\/2018\/03\/mts-icon-300x300-tranparent.png 300w, https:\/\/www.mtsys.ch\/wp-content\/uploads\/2018\/03\/mts-icon-300x300-tranparent-150x150.png 150w\" sizes=\"auto, (max-width: 128px) 85vw, 128px\" \/><\/p>\n<p><span id=\"address\">Adresse<\/span><br \/>\nMTSys GmbH<br \/>\nVia Vitg Sura 16 | Bo\u00eete postale 1066<br \/>\n7017 Flims | Suisse<\/p>\n<p><span id=\"email\">E-Mail Adresse<\/span><br \/>\n<a href=\"mailto:info@mtsys.ch\" target=\"_blank\" rel=\"noopener\">info@mtsys.ch<\/a><\/p>\n<p><span id=\"tel\">T\u00e9l\u00e9phone<\/span><br \/>\n<a href=\"tel:0041819111288\">+41 81 911 12 88<\/a><\/p>\n<\/div>\n<\/div><\/div><\/div><\/div><\/div><\/div>","protected":false},"excerpt":{"rendered":"<p>Nous nous r\u00e9jouissons de recevoir vos commentaires ou sommes \u00e0 votre disposition pour toute question ou demande. Adresse MTSys GmbH Via Vitg Sura 16 | Bo\u00eete postale 1066 7017 Flims | Suisse E-Mail Adresse info@mtsys.ch T\u00e9l\u00e9phone +41 81 911 12 88<\/p>\n","protected":false},"author":1,"featured_media":56,"parent":0,"menu_order":0,"comment_status":"closed","ping_status":"closed","template":"","meta":{"_acf_changed":false,"footnotes":""},"class_list":["post-806","page","type-page","status-publish","has-post-thumbnail","hentry"],"acf":[],"aioseo_notices":[],"_links":{"self":[{"href":"https:\/\/www.mtsys.ch\/fr\/wp-json\/wp\/v2\/pages\/806","targetHints":{"allow":["GET"]}}],"collection":[{"href":"https:\/\/www.mtsys.ch\/fr\/wp-json\/wp\/v2\/pages"}],"about":[{"href":"https:\/\/www.mtsys.ch\/fr\/wp-json\/wp\/v2\/types\/page"}],"author":[{"embeddable":true,"href":"https:\/\/www.mtsys.ch\/fr\/wp-json\/wp\/v2\/users\/1"}],"replies":[{"embeddable":true,"href":"https:\/\/www.mtsys.ch\/fr\/wp-json\/wp\/v2\/comments?post=806"}],"version-history":[{"count":22,"href":"https:\/\/www.mtsys.ch\/fr\/wp-json\/wp\/v2\/pages\/806\/revisions"}],"predecessor-version":[{"id":2221,"href":"https:\/\/www.mtsys.ch\/fr\/wp-json\/wp\/v2\/pages\/806\/revisions\/2221"}],"wp:featuredmedia":[{"embeddable":true,"href":"https:\/\/www.mtsys.ch\/fr\/wp-json\/wp\/v2\/media\/56"}],"wp:attachment":[{"href":"https:\/\/www.mtsys.ch\/fr\/wp-json\/wp\/v2\/media?parent=806"}],"curies":[{"name":"wp","href":"https:\/\/api.w.org\/{rel}","templated":true}]}}