{"id":798,"date":"2018-03-13T16:29:13","date_gmt":"2018-03-13T15:29:13","guid":{"rendered":"http:\/\/www.templatestore-kunden.ch\/mtsys\/?page_id=798"},"modified":"2018-05-17T10:06:30","modified_gmt":"2018-05-17T08:06:30","slug":"a-propos-de-mts","status":"publish","type":"page","link":"https:\/\/www.mtsys.ch\/fr\/a-propos-de-mts\/","title":{"rendered":"\u00c0 propos de MTS"},"content":{"rendered":"<div id=\"pl-798\"  class=\"panel-layout\" ><div id=\"pg-798-0\"  class=\"panel-grid panel-no-style\" ><div id=\"pgc-798-0-0\"  class=\"panel-grid-cell\" ><div id=\"panel-798-0-0-0\" class=\"so-panel widget widget_sow-editor panel-first-child panel-last-child\" data-index=\"0\" ><div class=\"intro panel-widget-style panel-widget-style-for-798-0-0-0\" ><div\n\t\t\t\n\t\t\tclass=\"so-widget-sow-editor so-widget-sow-editor-base\"\n\t\t\t\n\t\t><h3 class=\"widget-title\">Une histoire \u00e0 succ\u00e8s \u00abMade in Switzerland\u00bb depuis 1981<\/h3>\n<div class=\"siteorigin-widget-tinymce textwidget\">\n\t<\/div>\n<\/div><\/div><\/div><\/div><\/div><div id=\"pg-798-1\"  class=\"panel-grid panel-no-style\" ><div id=\"pgc-798-1-0\"  class=\"panel-grid-cell\" ><div id=\"panel-798-1-0-0\" class=\"so-panel widget widget_sow-editor panel-first-child panel-last-child\" data-index=\"1\" ><div\n\t\t\t\n\t\t\tclass=\"so-widget-sow-editor so-widget-sow-editor-base\"\n\t\t\t\n\t\t>\n<div class=\"siteorigin-widget-tinymce textwidget\">\n\t<p><span class=\"bold\">Plusieurs milliers de clients font d\u00e9j\u00e0 confiance \u00e0 MTS. Fiez-vous \u00e0 notre longue exp\u00e9rience. Syst\u00e8mes d\u2019ass\u00e8chement des murs MTS a pour ambition d'emp\u00eacher et de combattre durablement et avec le moins d\u2019efforts possible la d\u00e9sagr\u00e9able humidit\u00e9 remontant par capillarit\u00e9 dans les murs et d\u00e9truisant la ma\u00e7onnerie.<\/span><\/p>\n<h3>A la fois producteur et distributeur<\/h3>\n<p>Depuis 1981, le nom MTS est synonyme de technologie d\u2019ass\u00e8chement de qualit\u00e9, d\u00e9velopp\u00e9e et produite par la soci\u00e9t\u00e9 MTSys GmbH, bas\u00e9e \u00e0 Flims, Suisse. Notre culture d\u2019entreprise se caract\u00e9rise par le plaisir d\u2019un service personnel et notre fiert\u00e9 de nos produits.<\/p>\n<p>Nous misons sur la qualit\u00e9 cr\u00e9\u00e9e sur place. Lors de la fabrication, nous faisons aussi attention \u00e0 la long\u00e9vit\u00e9 des produits. En fin de compte, nous pouvons vous garantir que vous avez pris la bonne d\u00e9cision en optant pour MTS. C\u2019est pourquoi nous vous accordons une garantie constructeur sur tous nos syst\u00e8mes MTS.<\/p>\n<h3>Nos syst\u00e8mes de s\u00e9chage des murs MTS sont utilis\u00e9s avec succ\u00e8s dans le monde entier<\/h3>\n<p>&nbsp;<\/p>\n<\/div>\n<\/div><\/div><\/div><div id=\"pgc-798-1-1\"  class=\"panel-grid-cell\" ><div id=\"panel-798-1-1-0\" class=\"widget_text so-panel widget widget_custom_html panel-first-child panel-last-child\" data-index=\"2\" ><div class=\"widget_text full panel-widget-style panel-widget-style-for-798-1-1-0\" ><div class=\"textwidget custom-html-widget\"><img loading=\"lazy\" decoding=\"async\" width=\"1607\" height=\"1123\" class=\"alignnone size-medium wp-image-1569 rounded-top\" src=\"https:\/\/www.mtsys.ch\/wp-content\/uploads\/2018\/04\/herbert-minarik-gabriel.jpg\" alt=\"Herbert Minarik-Gabriel\" srcset=\"https:\/\/www.mtsys.ch\/wp-content\/uploads\/2018\/04\/herbert-minarik-gabriel.jpg 1607w, https:\/\/www.mtsys.ch\/wp-content\/uploads\/2018\/04\/herbert-minarik-gabriel-300x210.jpg 300w, https:\/\/www.mtsys.ch\/wp-content\/uploads\/2018\/04\/herbert-minarik-gabriel-768x537.jpg 768w, https:\/\/www.mtsys.ch\/wp-content\/uploads\/2018\/04\/herbert-minarik-gabriel-1024x716.jpg 1024w, https:\/\/www.mtsys.ch\/wp-content\/uploads\/2018\/04\/herbert-minarik-gabriel-1200x839.jpg 1200w\" sizes=\"auto, (max-width: 709px) 85vw, (max-width: 909px) 67vw, (max-width: 1362px) 62vw, 840px\" \/>\n<div class=\"rounded\" style=\"padding: 40px; background: #3875a5;color: #fff; margin-top:-5px;\">\n<center><strong>Herbert Minarik-Gabriel<\/strong><br>\nG\u00e9rant et fabricant<\/center>\n<\/div><\/div><\/div><\/div><\/div><\/div><\/div>","protected":false},"excerpt":{"rendered":"<p>Plusieurs milliers de clients font d\u00e9j\u00e0 confiance \u00e0 MTS. Fiez-vous \u00e0 notre longue exp\u00e9rience. Syst\u00e8mes d\u2019ass\u00e8chement des murs MTS a pour ambition d&#8217;emp\u00eacher et de combattre durablement et avec le moins d\u2019efforts possible la d\u00e9sagr\u00e9able humidit\u00e9 remontant par capillarit\u00e9 dans les murs et d\u00e9truisant la ma\u00e7onnerie. A la fois producteur et distributeur Depuis 1981, le &hellip; <a href=\"https:\/\/www.mtsys.ch\/fr\/a-propos-de-mts\/\" class=\"more-link\">Continue reading<span class=\"screen-reader-text\"> \u00ab\u00a0\u00c0 propos de MTS\u00a0\u00bb<\/span><\/a><\/p>\n","protected":false},"author":1,"featured_media":2291,"parent":0,"menu_order":0,"comment_status":"closed","ping_status":"closed","template":"","meta":{"_acf_changed":false,"footnotes":""},"class_list":["post-798","page","type-page","status-publish","has-post-thumbnail","hentry"],"acf":[],"aioseo_notices":[],"_links":{"self":[{"href":"https:\/\/www.mtsys.ch\/fr\/wp-json\/wp\/v2\/pages\/798","targetHints":{"allow":["GET"]}}],"collection":[{"href":"https:\/\/www.mtsys.ch\/fr\/wp-json\/wp\/v2\/pages"}],"about":[{"href":"https:\/\/www.mtsys.ch\/fr\/wp-json\/wp\/v2\/types\/page"}],"author":[{"embeddable":true,"href":"https:\/\/www.mtsys.ch\/fr\/wp-json\/wp\/v2\/users\/1"}],"replies":[{"embeddable":true,"href":"https:\/\/www.mtsys.ch\/fr\/wp-json\/wp\/v2\/comments?post=798"}],"version-history":[{"count":32,"href":"https:\/\/www.mtsys.ch\/fr\/wp-json\/wp\/v2\/pages\/798\/revisions"}],"predecessor-version":[{"id":2205,"href":"https:\/\/www.mtsys.ch\/fr\/wp-json\/wp\/v2\/pages\/798\/revisions\/2205"}],"wp:featuredmedia":[{"embeddable":true,"href":"https:\/\/www.mtsys.ch\/fr\/wp-json\/wp\/v2\/media\/2291"}],"wp:attachment":[{"href":"https:\/\/www.mtsys.ch\/fr\/wp-json\/wp\/v2\/media?parent=798"}],"curies":[{"name":"wp","href":"https:\/\/api.w.org\/{rel}","templated":true}]}}