{"id":795,"date":"2018-03-13T16:22:28","date_gmt":"2018-03-13T15:22:28","guid":{"rendered":"http:\/\/www.templatestore-kunden.ch\/mtsys\/?page_id=795"},"modified":"2018-05-28T10:27:17","modified_gmt":"2018-05-28T08:27:17","slug":"newsletter","status":"publish","type":"page","link":"https:\/\/www.mtsys.ch\/fr\/newsletter\/","title":{"rendered":"Newsletter"},"content":{"rendered":"<div id=\"pl-795\"  class=\"panel-layout\" ><div id=\"pg-795-0\"  class=\"panel-grid panel-no-style\" ><div id=\"pgc-795-0-0\"  class=\"panel-grid-cell\" ><div id=\"panel-795-0-0-0\" class=\"so-panel widget widget_text panel-first-child panel-last-child\" data-index=\"0\" ><div class=\"heading-blue panel-widget-style panel-widget-style-for-795-0-0-0\" ><h3 class=\"widget-title\">Abonnez-vous \u00e0 notre bulletin d&rsquo;information<\/h3>\t\t\t<div class=\"textwidget\"><\/div>\n\t\t<\/div><\/div><\/div><\/div><div id=\"pg-795-1\"  class=\"panel-grid panel-no-style\" ><div id=\"pgc-795-1-0\"  class=\"panel-grid-cell\" ><div id=\"panel-795-1-0-0\" class=\"widget_text so-panel widget widget_custom_html panel-first-child panel-last-child\" data-index=\"1\" ><div class=\"textwidget custom-html-widget\"><form class=\"layout_form cr_form cr_font\" action=\"https:\/\/eu2.cleverreach.com\/f\/178107-176646\/wcs\/\" method=\"post\" target=\"_blank\">\n\t<div class=\"cr_body cr_page cr_font formbox\">\n\t\t<div class=\"non_sortable\">\n\t\t\t\n\t\t<\/div>\n\t\t\n\t\t<div class=\"editable_content\">\n\t\t<div id=\"3720053\" rel=\"checkbox\" class=\"cr_ipe_item ui-sortable musthave\" >\n<label class=\"itemname\">Salutation*<\/label>\n<div >\n\n<input id=\"Madame3720053\" class=\"cr_ipe_checkbox\" name=\"1076383[]\" value=\"Madame\" type=\"checkbox\"  \/>Madame&nbsp;\n\n<input id=\"Monsieur3720053\" class=\"cr_ipe_checkbox\" name=\"1076383[]\" value=\"Monsieur\" type=\"checkbox\"  \/>Monsieur&nbsp;\n\n<\/div>\n<br  \/>\n<\/div><div id=\"3720051\" rel=\"text\" class=\"cr_ipe_item ui-sortable musthave\" >\n<label for=\"text3720051\" class=\"itemname\">Pr\u00e9nom*<\/label> <input id=\"text3720051\" name=\"1076384\" type=\"text\" value=\"\"  \/>\n<\/div><div id=\"3720052\" rel=\"text\" class=\"cr_ipe_item ui-sortable musthave\" >\n<label for=\"text3720052\" class=\"itemname\">Nom de famille*<\/label> <input id=\"text3720052\" name=\"1076385\" type=\"text\" value=\"\"  \/>\n<\/div><div id=\"3719728\" rel=\"email\" class=\"cr_ipe_item ui-sortable musthave\" >\n<label for=\"text3719728\" class=\"itemname\">E-Mail*<\/label> <input id=\"text3719728\" name=\"email\" value=\"\" type=\"text\"  \/>\n<\/div><div id=\"3719732\" rel=\"recaptcha\" class=\"cr_ipe_item ui-sortable musthave\">\n\t\n\t<script src=\"https:\/\/www.google.com\/recaptcha\/api.js\" async defer><\/script>\n\t<br\/>\n\t<div id=\"recaptcha_v2_widget\" class=\"g-recaptcha\" data-theme=\"light\" data-size=\"normal\" data-sitekey=\"6Lfhcd0SAAAAAOBEHmAVEHJeRnrH8T7wPvvNzEPD\" ><\/div>\n\t<br\/>\n\t\n<\/div><div id=\"3719730\" rel=\"button\" class=\"cr_ipe_item ui-sortable submit_container\" >\n<button type=\"submit\" class=\"cr_button\">Anmelden<\/button>\n<\/div><div id=\"3959985\" rel=\"checkbox\" class=\"cr_ipe_item ui-sortable musthave\" >\n\t\t\t<br \/>\n<label class=\"itemname\">Protection des donn\u00e9es*<\/label>\n<div >\n\n<input id=\"J'ai pris connaissance des dispositions relatives \u00e0 la protection des donn\u00e9es.3959985\" class=\"cr_ipe_checkbox\" name=\"1094151[]\" value=\"J'ai pris connaissance des dispositions relatives \u00e0 la protection des donn\u00e9es.\" type=\"checkbox\"  \/>J'ai pris connaissance des <a href=\"https:\/\/www.mtsys.ch\/fr\/protection-des-donnees\/\" target=\"_blank\">dispositions relatives \u00e0 la protection des donn\u00e9es<\/a>.&nbsp;\n\n<\/div>\n<br  \/>\n<\/div>\n\t<\/div>\n\t\n\n<\/div>\n\n<\/form><\/div><\/div><\/div><\/div><\/div>","protected":false},"excerpt":{"rendered":"<p>Abonnez-vous \u00e0 notre bulletin d&rsquo;information Salutation* Madame&nbsp; Monsieur&nbsp; Pr\u00e9nom* Nom de famille* E-Mail* Anmelden Protection des donn\u00e9es* J&rsquo;ai pris connaissance des dispositions relatives \u00e0 la protection des donn\u00e9es.&nbsp;<\/p>\n","protected":false},"author":1,"featured_media":56,"parent":0,"menu_order":0,"comment_status":"closed","ping_status":"closed","template":"","meta":{"_acf_changed":false,"footnotes":""},"class_list":["post-795","page","type-page","status-publish","has-post-thumbnail","hentry"],"acf":[],"aioseo_notices":[],"_links":{"self":[{"href":"https:\/\/www.mtsys.ch\/fr\/wp-json\/wp\/v2\/pages\/795","targetHints":{"allow":["GET"]}}],"collection":[{"href":"https:\/\/www.mtsys.ch\/fr\/wp-json\/wp\/v2\/pages"}],"about":[{"href":"https:\/\/www.mtsys.ch\/fr\/wp-json\/wp\/v2\/types\/page"}],"author":[{"embeddable":true,"href":"https:\/\/www.mtsys.ch\/fr\/wp-json\/wp\/v2\/users\/1"}],"replies":[{"embeddable":true,"href":"https:\/\/www.mtsys.ch\/fr\/wp-json\/wp\/v2\/comments?post=795"}],"version-history":[{"count":8,"href":"https:\/\/www.mtsys.ch\/fr\/wp-json\/wp\/v2\/pages\/795\/revisions"}],"predecessor-version":[{"id":2262,"href":"https:\/\/www.mtsys.ch\/fr\/wp-json\/wp\/v2\/pages\/795\/revisions\/2262"}],"wp:featuredmedia":[{"embeddable":true,"href":"https:\/\/www.mtsys.ch\/fr\/wp-json\/wp\/v2\/media\/56"}],"wp:attachment":[{"href":"https:\/\/www.mtsys.ch\/fr\/wp-json\/wp\/v2\/media?parent=795"}],"curies":[{"name":"wp","href":"https:\/\/api.w.org\/{rel}","templated":true}]}}