{"id":788,"date":"2018-03-13T16:19:11","date_gmt":"2018-03-13T15:19:11","guid":{"rendered":"http:\/\/www.templatestore-kunden.ch\/mtsys\/?page_id=788"},"modified":"2018-05-17T10:19:19","modified_gmt":"2018-05-17T08:19:19","slug":"mentions-legales","status":"publish","type":"page","link":"https:\/\/www.mtsys.ch\/fr\/mentions-legales\/","title":{"rendered":"Mentions l\u00e9gales"},"content":{"rendered":"<div id=\"pl-788\"  class=\"panel-layout\" ><div id=\"pg-788-0\"  class=\"panel-grid panel-no-style\" ><div id=\"pgc-788-0-0\"  class=\"panel-grid-cell\" ><div id=\"panel-788-0-0-0\" class=\"so-panel widget widget_sow-editor panel-first-child panel-last-child\" data-index=\"0\" ><div\n\t\t\t\n\t\t\tclass=\"so-widget-sow-editor so-widget-sow-editor-base\"\n\t\t\t\n\t\t>\n<div class=\"siteorigin-widget-tinymce textwidget\">\n\t<h2>Mentions l\u00e9gales<\/h2>\n<table class=\"nostyle\">\n<tbody>\n<tr>\n<td><strong>MTSys GmbH<\/strong><\/td>\n<td>Vitg sura 16, CH-7017 Flims Dorf<\/td>\n<\/tr>\n<tr>\n<td>T\u00e9l\u00e9phone<\/td>\n<td><a href=\"tel:0041819111288\">+41 81 911 12 88<\/a><\/td>\n<\/tr>\n<tr>\n<td>Le si\u00e8ge social<\/td>\n<td>Flims, Suisse<\/td>\n<\/tr>\n<tr>\n<td>Registre du commerce<\/td>\n<td>Chur, Suisse<\/td>\n<\/tr>\n<tr>\n<td>Le tribunal comp\u00e9tent<\/td>\n<td>Chur, Suisse<\/td>\n<\/tr>\n<tr>\n<td>CEO MTSys GmbH<\/td>\n<td>Herbert Minarik-Gabriel<\/td>\n<\/tr>\n<\/tbody>\n<\/table>\n<p><strong>Responsabilit\u00e9<\/strong><br \/>Ce site Internet a une vocation purement informative. L\u2019\u00e9diteur s\u2019efforce de garantir l\u2019acc\u00e8s permanent et le fonctionnement irr\u00e9prochable du site. Le contenu de ce site peut \u00eatre modifi\u00e9 \u00e0 tout moment.<\/p>\n<p>L\u2019\u00e9diteur ne garantit ni l\u2019exhaustivit\u00e9 ni l\u2019actualit\u00e9 des contenus. Il n\u2019est pas responsable des donn\u00e9es de tiers ni des politiques de protection des donn\u00e9es des sites mentionn\u00e9s ici.<\/p>\n<p><strong>Copyright<\/strong><br \/>Les informations pr\u00e9sentes sur ce site, le logo de MTS et les \u00e9l\u00e9ments graphiques sont prot\u00e9g\u00e9s par des droits d\u2019auteur et d\u2019autres droits de propri\u00e9t\u00e9 intellectuelle (tous droits r\u00e9serv\u00e9s). Ces \u00e9l\u00e9ments ne peuvent \u00eatre utilis\u00e9s ou publi\u00e9s qu\u2019avec l\u2019accord express de l\u2019\u00e9diteur.<\/p>\n<p><strong>Privacy Policy<\/strong><br \/>Ce site permet \u00e0 l\u2019utilisateur une navigation enti\u00e8rement anonyme.<\/p>\n<p>Nous n\u2019enregistrons sur nos sites web aucune donn\u00e9e personnelle (ex. noms, adresses, num\u00e9ros de t\u00e9l\u00e9phone ou adresses e-mail) sauf lorsque vous mettez ces informations volontairement \u00e0 notre disposition (ex. via le formulaire de contact) ou que les prescriptions l\u00e9gales sur la protection de vos donn\u00e9es le permettent.<\/p>\n<p>Les donn\u00e9es \u00e9ventuelles (ex. adresses) sont toujours trait\u00e9es de fa\u00e7on strictement confidentielle et ne sont pas communiqu\u00e9es \u00e0 des tiers.<\/p>\n<\/div>\n<\/div><\/div><\/div><\/div><\/div>","protected":false},"excerpt":{"rendered":"<p>Mentions l\u00e9gales MTSys GmbH Vitg sura 16, CH-7017 Flims Dorf T\u00e9l\u00e9phone +41 81 911 12 88 Le si\u00e8ge social Flims, Suisse Registre du commerce Chur, Suisse Le tribunal comp\u00e9tent Chur, Suisse CEO MTSys GmbH Herbert Minarik-Gabriel Responsabilit\u00e9Ce site Internet a une vocation purement informative. L\u2019\u00e9diteur s\u2019efforce de garantir l\u2019acc\u00e8s permanent et le fonctionnement irr\u00e9prochable du &hellip; <a href=\"https:\/\/www.mtsys.ch\/fr\/mentions-legales\/\" class=\"more-link\">Continue reading<span class=\"screen-reader-text\"> \u00ab\u00a0Mentions l\u00e9gales\u00a0\u00bb<\/span><\/a><\/p>\n","protected":false},"author":1,"featured_media":56,"parent":0,"menu_order":0,"comment_status":"closed","ping_status":"closed","template":"","meta":{"_acf_changed":false,"footnotes":""},"class_list":["post-788","page","type-page","status-publish","has-post-thumbnail","hentry"],"acf":[],"aioseo_notices":[],"_links":{"self":[{"href":"https:\/\/www.mtsys.ch\/fr\/wp-json\/wp\/v2\/pages\/788","targetHints":{"allow":["GET"]}}],"collection":[{"href":"https:\/\/www.mtsys.ch\/fr\/wp-json\/wp\/v2\/pages"}],"about":[{"href":"https:\/\/www.mtsys.ch\/fr\/wp-json\/wp\/v2\/types\/page"}],"author":[{"embeddable":true,"href":"https:\/\/www.mtsys.ch\/fr\/wp-json\/wp\/v2\/users\/1"}],"replies":[{"embeddable":true,"href":"https:\/\/www.mtsys.ch\/fr\/wp-json\/wp\/v2\/comments?post=788"}],"version-history":[{"count":8,"href":"https:\/\/www.mtsys.ch\/fr\/wp-json\/wp\/v2\/pages\/788\/revisions"}],"predecessor-version":[{"id":1849,"href":"https:\/\/www.mtsys.ch\/fr\/wp-json\/wp\/v2\/pages\/788\/revisions\/1849"}],"wp:featuredmedia":[{"embeddable":true,"href":"https:\/\/www.mtsys.ch\/fr\/wp-json\/wp\/v2\/media\/56"}],"wp:attachment":[{"href":"https:\/\/www.mtsys.ch\/fr\/wp-json\/wp\/v2\/media?parent=788"}],"curies":[{"name":"wp","href":"https:\/\/api.w.org\/{rel}","templated":true}]}}